{"id":119322,"date":"2024-07-18T08:15:10","date_gmt":"2024-07-18T06:15:10","guid":{"rendered":"https:\/\/autostil.ba\/maloprodaja\/?post_type=product&#038;p=119322"},"modified":"2026-04-08T11:46:49","modified_gmt":"2026-04-08T09:46:49","slug":"zastita-od-sunca-bocna-max-minions","status":"publish","type":"product","link":"https:\/\/autostil.ba\/maloprodaja\/proizvod\/11864\/zastita-od-sunca-bocna-max-minions\/","title":{"rendered":"ZA\u0160TITA OD SUNCA BO\u010cNA MAX MINIONS"},"content":{"rendered":"","protected":false},"excerpt":{"rendered":"<p>ZA\u0160TITA OD SUNCA BO\u010cNA MAX MINIONS;<\/p>\n<p>Za\u0161tita od sunca za bo\u010dne prozore automobila<br \/>\nU\u010dinite putovanje automobilom Va\u0161oj djeci jo\u0161 ugodnijim uz njihove omiljene bajkovite likove<br \/>\nTema: Minioni<br \/>\n2 kom u pakovanju<br \/>\nVeli\u010dina: 44 x 36 cm<\/p>\n","protected":false},"featured_media":119323,"comment_status":"open","ping_status":"closed","template":"","meta":{"_acf_changed":false,"inline_featured_image":false},"product_brand":[],"product_cat":[91],"product_tag":[],"class_list":{"0":"post-119322","1":"product","2":"type-product","3":"status-publish","4":"has-post-thumbnail","6":"product_cat-sredstva-za-zastitu-od-sunca","8":"first","9":"instock","10":"taxable","11":"shipping-taxable","12":"purchasable","13":"product-type-simple"},"acf":[],"custom_product_id":"11864","_links":{"self":[{"href":"https:\/\/autostil.ba\/maloprodaja\/wp-json\/wp\/v2\/product\/119322","targetHints":{"allow":["GET"]}}],"collection":[{"href":"https:\/\/autostil.ba\/maloprodaja\/wp-json\/wp\/v2\/product"}],"about":[{"href":"https:\/\/autostil.ba\/maloprodaja\/wp-json\/wp\/v2\/types\/product"}],"replies":[{"embeddable":true,"href":"https:\/\/autostil.ba\/maloprodaja\/wp-json\/wp\/v2\/comments?post=119322"}],"version-history":[{"count":2,"href":"https:\/\/autostil.ba\/maloprodaja\/wp-json\/wp\/v2\/product\/119322\/revisions"}],"predecessor-version":[{"id":793050652,"href":"https:\/\/autostil.ba\/maloprodaja\/wp-json\/wp\/v2\/product\/119322\/revisions\/793050652"}],"wp:featuredmedia":[{"embeddable":true,"href":"https:\/\/autostil.ba\/maloprodaja\/wp-json\/wp\/v2\/media\/119323"}],"wp:attachment":[{"href":"https:\/\/autostil.ba\/maloprodaja\/wp-json\/wp\/v2\/media?parent=119322"}],"wp:term":[{"taxonomy":"product_brand","embeddable":true,"href":"https:\/\/autostil.ba\/maloprodaja\/wp-json\/wp\/v2\/product_brand?post=119322"},{"taxonomy":"product_cat","embeddable":true,"href":"https:\/\/autostil.ba\/maloprodaja\/wp-json\/wp\/v2\/product_cat?post=119322"},{"taxonomy":"product_tag","embeddable":true,"href":"https:\/\/autostil.ba\/maloprodaja\/wp-json\/wp\/v2\/product_tag?post=119322"}],"curies":[{"name":"wp","href":"https:\/\/api.w.org\/{rel}","templated":true}]}}