{"id":119312,"date":"2024-07-18T08:15:09","date_gmt":"2024-07-18T06:15:09","guid":{"rendered":"https:\/\/autostil.ba\/maloprodaja\/?post_type=product&#038;p=119312"},"modified":"2026-04-24T13:59:51","modified_gmt":"2026-04-24T11:59:51","slug":"zastita-od-sunca-bocna-max-cars","status":"publish","type":"product","link":"https:\/\/autostil.ba\/maloprodaja\/proizvod\/11197\/zastita-od-sunca-bocna-max-cars\/","title":{"rendered":"ZA\u0160TITA OD SUNCA BO\u010cNA MAX CARS"},"content":{"rendered":"","protected":false},"excerpt":{"rendered":"<p>Za\u0161tita od sunca za bo\u010dne prozore automobila<br \/>\nU\u010dinite putovanje automobilom Va\u0161oj djeci jo\u0161 ugodnijim uz njihove omiljene bajkovite likove<br \/>\nMotiv: Automobili<br \/>\n2 kom u pakovanju<br \/>\nVeli\u010dina: 44 x 36 cm<\/p>\n","protected":false},"featured_media":119313,"comment_status":"open","ping_status":"closed","template":"","meta":{"_acf_changed":false,"inline_featured_image":false},"product_brand":[],"product_cat":[91],"product_tag":[],"class_list":{"0":"post-119312","1":"product","2":"type-product","3":"status-publish","4":"has-post-thumbnail","6":"product_cat-sredstva-za-zastitu-od-sunca","8":"first","9":"instock","10":"taxable","11":"shipping-taxable","12":"purchasable","13":"product-type-simple"},"acf":[],"custom_product_id":"11197","_links":{"self":[{"href":"https:\/\/autostil.ba\/maloprodaja\/wp-json\/wp\/v2\/product\/119312","targetHints":{"allow":["GET"]}}],"collection":[{"href":"https:\/\/autostil.ba\/maloprodaja\/wp-json\/wp\/v2\/product"}],"about":[{"href":"https:\/\/autostil.ba\/maloprodaja\/wp-json\/wp\/v2\/types\/product"}],"replies":[{"embeddable":true,"href":"https:\/\/autostil.ba\/maloprodaja\/wp-json\/wp\/v2\/comments?post=119312"}],"version-history":[{"count":1,"href":"https:\/\/autostil.ba\/maloprodaja\/wp-json\/wp\/v2\/product\/119312\/revisions"}],"predecessor-version":[{"id":119314,"href":"https:\/\/autostil.ba\/maloprodaja\/wp-json\/wp\/v2\/product\/119312\/revisions\/119314"}],"wp:featuredmedia":[{"embeddable":true,"href":"https:\/\/autostil.ba\/maloprodaja\/wp-json\/wp\/v2\/media\/119313"}],"wp:attachment":[{"href":"https:\/\/autostil.ba\/maloprodaja\/wp-json\/wp\/v2\/media?parent=119312"}],"wp:term":[{"taxonomy":"product_brand","embeddable":true,"href":"https:\/\/autostil.ba\/maloprodaja\/wp-json\/wp\/v2\/product_brand?post=119312"},{"taxonomy":"product_cat","embeddable":true,"href":"https:\/\/autostil.ba\/maloprodaja\/wp-json\/wp\/v2\/product_cat?post=119312"},{"taxonomy":"product_tag","embeddable":true,"href":"https:\/\/autostil.ba\/maloprodaja\/wp-json\/wp\/v2\/product_tag?post=119312"}],"curies":[{"name":"wp","href":"https:\/\/api.w.org\/{rel}","templated":true}]}}