{"id":119162,"date":"2026-04-13T13:52:01","date_gmt":"2026-04-13T11:52:01","guid":{"rendered":"https:\/\/autostil.ba\/maloprodaja\/?post_type=product&#038;p=119162"},"modified":"2026-04-13T16:00:05","modified_gmt":"2026-04-13T14:00:05","slug":"brisaci-bosch-a292s-fiat-panda-12-ford-ranger-15-lancia-ypsilon-11-nissan-quashqai-06-13","status":"publish","type":"product","link":"https:\/\/autostil.ba\/maloprodaja\/proizvod\/12732\/brisaci-bosch-a292s-fiat-panda-12-ford-ranger-15-lancia-ypsilon-11-nissan-quashqai-06-13\/","title":{"rendered":"BRISA\u010cI BOSCH A292S FIAT PANDA 12-&gt;, FORD RANGER 15-&gt;, LANCIA YPSILON 11-&gt;, NISSAN QUASHQAI 06-13"},"content":{"rendered":"","protected":false},"excerpt":{"rendered":"<p>BRISA\u010cI BOSCH A292S FIAT PANDA 12-&gt;; FORD RANGER 15-&gt;; LANCIA YPSILON 11-&gt;; NISSAN QUASHQAI 06-13, QUASHQAI + 2 08-13. Tehnologija izrade gume za brisa\u010de Power Protection Plus 2 paralelne trake s oprugama visoke tehnologije Predmontirani originalni adapter Voza\u010deva strana 600 mm Strana suvoza\u010d. 380 mm<\/p>\n","protected":false},"featured_media":119163,"comment_status":"open","ping_status":"closed","template":"","meta":{"_acf_changed":false,"inline_featured_image":false},"product_brand":[],"product_cat":[174],"product_tag":[],"class_list":{"0":"post-119162","1":"product","2":"type-product","3":"status-publish","4":"has-post-thumbnail","6":"product_cat-metlice-brisaca-bosch","8":"first","9":"instock","10":"taxable","11":"shipping-taxable","12":"purchasable","13":"product-type-simple"},"acf":[],"custom_product_id":"12732","_links":{"self":[{"href":"https:\/\/autostil.ba\/maloprodaja\/wp-json\/wp\/v2\/product\/119162","targetHints":{"allow":["GET"]}}],"collection":[{"href":"https:\/\/autostil.ba\/maloprodaja\/wp-json\/wp\/v2\/product"}],"about":[{"href":"https:\/\/autostil.ba\/maloprodaja\/wp-json\/wp\/v2\/types\/product"}],"replies":[{"embeddable":true,"href":"https:\/\/autostil.ba\/maloprodaja\/wp-json\/wp\/v2\/comments?post=119162"}],"version-history":[{"count":2,"href":"https:\/\/autostil.ba\/maloprodaja\/wp-json\/wp\/v2\/product\/119162\/revisions"}],"predecessor-version":[{"id":793055759,"href":"https:\/\/autostil.ba\/maloprodaja\/wp-json\/wp\/v2\/product\/119162\/revisions\/793055759"}],"wp:featuredmedia":[{"embeddable":true,"href":"https:\/\/autostil.ba\/maloprodaja\/wp-json\/wp\/v2\/media\/119163"}],"wp:attachment":[{"href":"https:\/\/autostil.ba\/maloprodaja\/wp-json\/wp\/v2\/media?parent=119162"}],"wp:term":[{"taxonomy":"product_brand","embeddable":true,"href":"https:\/\/autostil.ba\/maloprodaja\/wp-json\/wp\/v2\/product_brand?post=119162"},{"taxonomy":"product_cat","embeddable":true,"href":"https:\/\/autostil.ba\/maloprodaja\/wp-json\/wp\/v2\/product_cat?post=119162"},{"taxonomy":"product_tag","embeddable":true,"href":"https:\/\/autostil.ba\/maloprodaja\/wp-json\/wp\/v2\/product_tag?post=119162"}],"curies":[{"name":"wp","href":"https:\/\/api.w.org\/{rel}","templated":true}]}}