{"id":119112,"date":"2024-12-09T10:05:59","date_gmt":"2024-12-09T08:05:59","guid":{"rendered":"https:\/\/autostil.ba\/maloprodaja\/?post_type=product&#038;p=119112"},"modified":"2026-04-08T11:46:38","modified_gmt":"2026-04-08T09:46:38","slug":"brisaci-bosch-a555s-audi-a1-10-18-seat-mii-11-skoda-citigo-11-rapid-12-vw-polo-09","status":"publish","type":"product","link":"https:\/\/autostil.ba\/maloprodaja\/proizvod\/12733\/brisaci-bosch-a555s-audi-a1-10-18-seat-mii-11-skoda-citigo-11-rapid-12-vw-polo-09\/","title":{"rendered":"BRISA\u010cI BOSCH A555S AUDI A1 10-18; SEAT MII 11-&gt;; \u0160KODA CITIGO 11-, RAPID 12-&gt;; VW POLO 09-&gt;"},"content":{"rendered":"","protected":false},"excerpt":{"rendered":"<p>BRISA\u010cI BOSCH A555S AUDI A1 10-18, A1 SPORTBACK 11-18, S1 14-&gt;, S1 SPORTBACK 14-&gt;; SEAT MII 11-&gt;, TOLEDO 12-&gt;; \u0160KODA CITIGO 11-&gt;, RAPID 12-&gt;, RAPID SPACEBACK 13-&gt;; VW E-UP 13-16-&gt;, UP 11-19-&gt;, POLO 09-&gt;, POLO SEDAN 10-&gt;. Tehnologija izrade gume za brisa\u010de Power Protection Plus 2 paralelne trake s oprugama visoke tehnologije Predmontirani originalni adapter Voza\u010deva strana 600 mm Strana suvoza\u010d. 400 mm<\/p>\n","protected":false},"featured_media":793047130,"comment_status":"open","ping_status":"closed","template":"","meta":{"_acf_changed":false,"inline_featured_image":false},"product_brand":[],"product_cat":[174],"product_tag":[],"class_list":{"0":"post-119112","1":"product","2":"type-product","3":"status-publish","4":"has-post-thumbnail","6":"product_cat-metlice-brisaca-bosch","8":"first","9":"instock","10":"taxable","11":"shipping-taxable","12":"purchasable","13":"product-type-simple"},"acf":[],"custom_product_id":"12733","_links":{"self":[{"href":"https:\/\/autostil.ba\/maloprodaja\/wp-json\/wp\/v2\/product\/119112","targetHints":{"allow":["GET"]}}],"collection":[{"href":"https:\/\/autostil.ba\/maloprodaja\/wp-json\/wp\/v2\/product"}],"about":[{"href":"https:\/\/autostil.ba\/maloprodaja\/wp-json\/wp\/v2\/types\/product"}],"replies":[{"embeddable":true,"href":"https:\/\/autostil.ba\/maloprodaja\/wp-json\/wp\/v2\/comments?post=119112"}],"version-history":[{"count":1,"href":"https:\/\/autostil.ba\/maloprodaja\/wp-json\/wp\/v2\/product\/119112\/revisions"}],"predecessor-version":[{"id":119114,"href":"https:\/\/autostil.ba\/maloprodaja\/wp-json\/wp\/v2\/product\/119112\/revisions\/119114"}],"wp:featuredmedia":[{"embeddable":true,"href":"https:\/\/autostil.ba\/maloprodaja\/wp-json\/wp\/v2\/media\/793047130"}],"wp:attachment":[{"href":"https:\/\/autostil.ba\/maloprodaja\/wp-json\/wp\/v2\/media?parent=119112"}],"wp:term":[{"taxonomy":"product_brand","embeddable":true,"href":"https:\/\/autostil.ba\/maloprodaja\/wp-json\/wp\/v2\/product_brand?post=119112"},{"taxonomy":"product_cat","embeddable":true,"href":"https:\/\/autostil.ba\/maloprodaja\/wp-json\/wp\/v2\/product_cat?post=119112"},{"taxonomy":"product_tag","embeddable":true,"href":"https:\/\/autostil.ba\/maloprodaja\/wp-json\/wp\/v2\/product_tag?post=119112"}],"curies":[{"name":"wp","href":"https:\/\/api.w.org\/{rel}","templated":true}]}}