{"id":119102,"date":"2025-05-12T15:10:58","date_gmt":"2025-05-12T13:10:58","guid":{"rendered":"https:\/\/autostil.ba\/maloprodaja\/?post_type=product&#038;p=119102"},"modified":"2026-04-08T11:46:38","modified_gmt":"2026-04-08T09:46:38","slug":"brisaci-bosch-a428s-citroen-c4-picasso-08-13","status":"publish","type":"product","link":"https:\/\/autostil.ba\/maloprodaja\/proizvod\/10965\/brisaci-bosch-a428s-citroen-c4-picasso-08-13\/","title":{"rendered":"BRISA\u010cI BOSCH A428S CITROEN C4 PICASSO 08-13"},"content":{"rendered":"","protected":false},"excerpt":{"rendered":"<p>BRISA\u010cI BOSCH A428S CITROEN C4 PICASSO 08-13; Tehnologija izrade gume za brisa\u010de Power Protection Plus<br \/>\n2 paralelne trake s oprugama visoke tehnologije<br \/>\nPredmontirani originalni adapter<br \/>\nVoza\u010deva strana<br \/>\n800 mm<br \/>\nStrana suvoza\u010d.<br \/>\n750 mm<\/p>\n","protected":false},"featured_media":793047100,"comment_status":"open","ping_status":"closed","template":"","meta":{"_acf_changed":false,"inline_featured_image":false},"product_brand":[],"product_cat":[174],"product_tag":[],"class_list":{"0":"post-119102","1":"product","2":"type-product","3":"status-publish","4":"has-post-thumbnail","6":"product_cat-metlice-brisaca-bosch","8":"first","9":"instock","10":"taxable","11":"shipping-taxable","12":"purchasable","13":"product-type-simple"},"acf":[],"custom_product_id":"10965","_links":{"self":[{"href":"https:\/\/autostil.ba\/maloprodaja\/wp-json\/wp\/v2\/product\/119102","targetHints":{"allow":["GET"]}}],"collection":[{"href":"https:\/\/autostil.ba\/maloprodaja\/wp-json\/wp\/v2\/product"}],"about":[{"href":"https:\/\/autostil.ba\/maloprodaja\/wp-json\/wp\/v2\/types\/product"}],"replies":[{"embeddable":true,"href":"https:\/\/autostil.ba\/maloprodaja\/wp-json\/wp\/v2\/comments?post=119102"}],"version-history":[{"count":1,"href":"https:\/\/autostil.ba\/maloprodaja\/wp-json\/wp\/v2\/product\/119102\/revisions"}],"predecessor-version":[{"id":119104,"href":"https:\/\/autostil.ba\/maloprodaja\/wp-json\/wp\/v2\/product\/119102\/revisions\/119104"}],"wp:featuredmedia":[{"embeddable":true,"href":"https:\/\/autostil.ba\/maloprodaja\/wp-json\/wp\/v2\/media\/793047100"}],"wp:attachment":[{"href":"https:\/\/autostil.ba\/maloprodaja\/wp-json\/wp\/v2\/media?parent=119102"}],"wp:term":[{"taxonomy":"product_brand","embeddable":true,"href":"https:\/\/autostil.ba\/maloprodaja\/wp-json\/wp\/v2\/product_brand?post=119102"},{"taxonomy":"product_cat","embeddable":true,"href":"https:\/\/autostil.ba\/maloprodaja\/wp-json\/wp\/v2\/product_cat?post=119102"},{"taxonomy":"product_tag","embeddable":true,"href":"https:\/\/autostil.ba\/maloprodaja\/wp-json\/wp\/v2\/product_tag?post=119102"}],"curies":[{"name":"wp","href":"https:\/\/api.w.org\/{rel}","templated":true}]}}