{"id":119072,"date":"2024-07-18T08:14:56","date_gmt":"2024-07-18T06:14:56","guid":{"rendered":"https:\/\/autostil.ba\/maloprodaja\/?post_type=product&#038;p=119072"},"modified":"2026-04-08T11:46:32","modified_gmt":"2026-04-08T09:46:32","slug":"brisaci-bosch-a641s-citroen-ds5-11-15-ford-b-max-12-c-max-10-opel-astra-j-gtc-11","status":"publish","type":"product","link":"https:\/\/autostil.ba\/maloprodaja\/proizvod\/12748\/brisaci-bosch-a641s-citroen-ds5-11-15-ford-b-max-12-c-max-10-opel-astra-j-gtc-11\/","title":{"rendered":"BRISA\u010cI BOSCH A641S CITROEN DS5 11-15, FORD B-MAX 12-&gt;, C-MAX 10-&gt;, OPEL ASTRA J GTC 11-&gt;"},"content":{"rendered":"","protected":false},"excerpt":{"rendered":"<p>BRISA\u010cI BOSCH A641S CITROEN DS5 2011-2015, FORD B-MAX 2012-&gt;, FORD C-MAX 2010-&gt;, OPEL ASTRA J GTC 11-&gt;.  Tehnologija izrade gume za brisa\u010de Power Protection Plus 2 paralelne trake s oprugama visoke tehnologije Predmontirani originalni adapter Voza\u010deva strana 725 mm Strana suvoza\u010d. 625 mm.<\/p>\n","protected":false},"featured_media":119073,"comment_status":"open","ping_status":"closed","template":"","meta":{"_acf_changed":false,"inline_featured_image":false},"product_brand":[],"product_cat":[174],"product_tag":[],"class_list":{"0":"post-119072","1":"product","2":"type-product","3":"status-publish","4":"has-post-thumbnail","6":"product_cat-metlice-brisaca-bosch","8":"first","9":"instock","10":"taxable","11":"shipping-taxable","12":"purchasable","13":"product-type-simple"},"acf":[],"custom_product_id":"12748","_links":{"self":[{"href":"https:\/\/autostil.ba\/maloprodaja\/wp-json\/wp\/v2\/product\/119072","targetHints":{"allow":["GET"]}}],"collection":[{"href":"https:\/\/autostil.ba\/maloprodaja\/wp-json\/wp\/v2\/product"}],"about":[{"href":"https:\/\/autostil.ba\/maloprodaja\/wp-json\/wp\/v2\/types\/product"}],"replies":[{"embeddable":true,"href":"https:\/\/autostil.ba\/maloprodaja\/wp-json\/wp\/v2\/comments?post=119072"}],"version-history":[{"count":1,"href":"https:\/\/autostil.ba\/maloprodaja\/wp-json\/wp\/v2\/product\/119072\/revisions"}],"predecessor-version":[{"id":119074,"href":"https:\/\/autostil.ba\/maloprodaja\/wp-json\/wp\/v2\/product\/119072\/revisions\/119074"}],"wp:featuredmedia":[{"embeddable":true,"href":"https:\/\/autostil.ba\/maloprodaja\/wp-json\/wp\/v2\/media\/119073"}],"wp:attachment":[{"href":"https:\/\/autostil.ba\/maloprodaja\/wp-json\/wp\/v2\/media?parent=119072"}],"wp:term":[{"taxonomy":"product_brand","embeddable":true,"href":"https:\/\/autostil.ba\/maloprodaja\/wp-json\/wp\/v2\/product_brand?post=119072"},{"taxonomy":"product_cat","embeddable":true,"href":"https:\/\/autostil.ba\/maloprodaja\/wp-json\/wp\/v2\/product_cat?post=119072"},{"taxonomy":"product_tag","embeddable":true,"href":"https:\/\/autostil.ba\/maloprodaja\/wp-json\/wp\/v2\/product_tag?post=119072"}],"curies":[{"name":"wp","href":"https:\/\/api.w.org\/{rel}","templated":true}]}}