{"id":119042,"date":"2024-07-18T08:14:55","date_gmt":"2024-07-18T06:14:55","guid":{"rendered":"https:\/\/autostil.ba\/maloprodaja\/?post_type=product&#038;p=119042"},"modified":"2026-04-08T11:46:32","modified_gmt":"2026-04-08T09:46:32","slug":"brisaci-bosch-a862s-audi-a5-11-q3-11-18-tt-14-skoda-kodiaq-17-porsche-panamera-16","status":"publish","type":"product","link":"https:\/\/autostil.ba\/maloprodaja\/proizvod\/12749\/brisaci-bosch-a862s-audi-a5-11-q3-11-18-tt-14-skoda-kodiaq-17-porsche-panamera-16\/","title":{"rendered":"BRISA\u010cI BOSCH A862S AUDI A5 11-&gt;, Q3 11-18, TT 14-&gt;, \u0160KODA KODIAQ 17-&gt;, PORSCHE PANAMERA 16-&gt;"},"content":{"rendered":"","protected":false},"excerpt":{"rendered":"<p>BRISA\u010cI BOSCH A862S AUDI A5 2011-&gt;, Q3 2011-2018, TT 2014-&gt;, \u0160KODA KODIAQ 2017-&gt;, PORSCHE PANAMERA 2016-&gt;. Tehnologija izrade gume za brisa\u010de Power Protection Plus 2 paralelne trake s oprugama visoke tehnologije Predmontirani originalni adapter Voza\u010deva strana 600 mm Strana suvoza\u010d. 530 mm.<\/p>\n","protected":false},"featured_media":793047129,"comment_status":"open","ping_status":"closed","template":"","meta":{"_acf_changed":false,"inline_featured_image":false},"product_brand":[],"product_cat":[174],"product_tag":[],"class_list":{"0":"post-119042","1":"product","2":"type-product","3":"status-publish","4":"has-post-thumbnail","6":"product_cat-metlice-brisaca-bosch","8":"first","9":"instock","10":"taxable","11":"shipping-taxable","12":"purchasable","13":"product-type-simple"},"acf":[],"custom_product_id":"12749","_links":{"self":[{"href":"https:\/\/autostil.ba\/maloprodaja\/wp-json\/wp\/v2\/product\/119042","targetHints":{"allow":["GET"]}}],"collection":[{"href":"https:\/\/autostil.ba\/maloprodaja\/wp-json\/wp\/v2\/product"}],"about":[{"href":"https:\/\/autostil.ba\/maloprodaja\/wp-json\/wp\/v2\/types\/product"}],"replies":[{"embeddable":true,"href":"https:\/\/autostil.ba\/maloprodaja\/wp-json\/wp\/v2\/comments?post=119042"}],"version-history":[{"count":1,"href":"https:\/\/autostil.ba\/maloprodaja\/wp-json\/wp\/v2\/product\/119042\/revisions"}],"predecessor-version":[{"id":119044,"href":"https:\/\/autostil.ba\/maloprodaja\/wp-json\/wp\/v2\/product\/119042\/revisions\/119044"}],"wp:featuredmedia":[{"embeddable":true,"href":"https:\/\/autostil.ba\/maloprodaja\/wp-json\/wp\/v2\/media\/793047129"}],"wp:attachment":[{"href":"https:\/\/autostil.ba\/maloprodaja\/wp-json\/wp\/v2\/media?parent=119042"}],"wp:term":[{"taxonomy":"product_brand","embeddable":true,"href":"https:\/\/autostil.ba\/maloprodaja\/wp-json\/wp\/v2\/product_brand?post=119042"},{"taxonomy":"product_cat","embeddable":true,"href":"https:\/\/autostil.ba\/maloprodaja\/wp-json\/wp\/v2\/product_cat?post=119042"},{"taxonomy":"product_tag","embeddable":true,"href":"https:\/\/autostil.ba\/maloprodaja\/wp-json\/wp\/v2\/product_tag?post=119042"}],"curies":[{"name":"wp","href":"https:\/\/api.w.org\/{rel}","templated":true}]}}