{"id":118982,"date":"2025-01-29T09:52:52","date_gmt":"2025-01-29T07:52:52","guid":{"rendered":"https:\/\/autostil.ba\/maloprodaja\/?post_type=product&#038;p=118982"},"modified":"2026-04-08T11:46:32","modified_gmt":"2026-04-08T09:46:32","slug":"brisaci-bosch-a164s-audi-a6-a7-18-q3-18-q5-16-volvo-s90-v90-16-xc90-15","status":"publish","type":"product","link":"https:\/\/autostil.ba\/maloprodaja\/proizvod\/12751\/brisaci-bosch-a164s-audi-a6-a7-18-q3-18-q5-16-volvo-s90-v90-16-xc90-15\/","title":{"rendered":"BRISA\u010cI BOSCH A164S AUDI A6\/A7 18-&gt;, Q3 18-&gt;, Q5 16-&gt;, VOLVO S90\/V90 16-&gt;, XC90 15-&gt;"},"content":{"rendered":"","protected":false},"excerpt":{"rendered":"<p>BRISA\u010cI BOSCH A164S AUDI A6\/A7 2018-&gt;, AUDI Q3 2018-&gt;, AUDI Q5 2016-&gt;, VOLVO S90\/V90 2016-&gt;, VOLVO XC90 2015-&gt;. Tehnologija izrade gume za brisa\u010de Power Protection Plus 2 paralelne trake s oprugama visoke tehnologije Predmontirani originalni adapter Voza\u010deva strana 625 mm Strana suvoza\u010d. 500 mm.<\/p>\n","protected":false},"featured_media":793045067,"comment_status":"open","ping_status":"closed","template":"","meta":{"_acf_changed":false,"inline_featured_image":false},"product_brand":[],"product_cat":[174],"product_tag":[],"class_list":{"0":"post-118982","1":"product","2":"type-product","3":"status-publish","4":"has-post-thumbnail","6":"product_cat-metlice-brisaca-bosch","8":"first","9":"instock","10":"taxable","11":"shipping-taxable","12":"purchasable","13":"product-type-simple"},"acf":[],"custom_product_id":"12751","_links":{"self":[{"href":"https:\/\/autostil.ba\/maloprodaja\/wp-json\/wp\/v2\/product\/118982","targetHints":{"allow":["GET"]}}],"collection":[{"href":"https:\/\/autostil.ba\/maloprodaja\/wp-json\/wp\/v2\/product"}],"about":[{"href":"https:\/\/autostil.ba\/maloprodaja\/wp-json\/wp\/v2\/types\/product"}],"replies":[{"embeddable":true,"href":"https:\/\/autostil.ba\/maloprodaja\/wp-json\/wp\/v2\/comments?post=118982"}],"version-history":[{"count":1,"href":"https:\/\/autostil.ba\/maloprodaja\/wp-json\/wp\/v2\/product\/118982\/revisions"}],"predecessor-version":[{"id":118984,"href":"https:\/\/autostil.ba\/maloprodaja\/wp-json\/wp\/v2\/product\/118982\/revisions\/118984"}],"wp:featuredmedia":[{"embeddable":true,"href":"https:\/\/autostil.ba\/maloprodaja\/wp-json\/wp\/v2\/media\/793045067"}],"wp:attachment":[{"href":"https:\/\/autostil.ba\/maloprodaja\/wp-json\/wp\/v2\/media?parent=118982"}],"wp:term":[{"taxonomy":"product_brand","embeddable":true,"href":"https:\/\/autostil.ba\/maloprodaja\/wp-json\/wp\/v2\/product_brand?post=118982"},{"taxonomy":"product_cat","embeddable":true,"href":"https:\/\/autostil.ba\/maloprodaja\/wp-json\/wp\/v2\/product_cat?post=118982"},{"taxonomy":"product_tag","embeddable":true,"href":"https:\/\/autostil.ba\/maloprodaja\/wp-json\/wp\/v2\/product_tag?post=118982"}],"curies":[{"name":"wp","href":"https:\/\/api.w.org\/{rel}","templated":true}]}}