{"id":118702,"date":"2024-07-18T08:14:39","date_gmt":"2024-07-18T06:14:39","guid":{"rendered":"https:\/\/autostil.ba\/maloprodaja\/?post_type=product&#038;p=118702"},"modified":"2026-04-08T11:46:13","modified_gmt":"2026-04-08T09:46:13","slug":"sonax-cistac-stakla-star-750ml","status":"publish","type":"product","link":"https:\/\/autostil.ba\/maloprodaja\/proizvod\/10942\/sonax-cistac-stakla-star-750ml\/","title":{"rendered":"SONAX \u010cISTA\u010c STAKLA STAR 750ml"},"content":{"rendered":"","protected":false},"excerpt":{"rendered":"<p>SONAX \u010cISTA\u010c STAKLA STAR 750ml;  Osobito sna\u017eno sredstvo za \u010di\u0161\u0107enje stakla, stvara nevidljivi nanopokrov na povr\u0161inama, pobolj\u0161ava karakteristike na ki\u0161i. Vanjska upotreba: uklanja mase filmove nafte i \u010da\u0111i te ostatke insekata. Unutra\u0161nja upotreba: Uklanja masne filmove, otiske prstiju i ostatke nikotina. Tako\u0111er idealan za upotrebu u ku\u0107anstvu.<\/p>\n","protected":false},"featured_media":118703,"comment_status":"open","ping_status":"closed","template":"","meta":{"_acf_changed":false,"inline_featured_image":false},"product_brand":[],"product_cat":[164],"product_tag":[],"class_list":{"0":"post-118702","1":"product","2":"type-product","3":"status-publish","4":"has-post-thumbnail","6":"product_cat-car-detailing","8":"first","9":"instock","10":"taxable","11":"shipping-taxable","12":"purchasable","13":"product-type-simple"},"acf":[],"custom_product_id":"10942","_links":{"self":[{"href":"https:\/\/autostil.ba\/maloprodaja\/wp-json\/wp\/v2\/product\/118702","targetHints":{"allow":["GET"]}}],"collection":[{"href":"https:\/\/autostil.ba\/maloprodaja\/wp-json\/wp\/v2\/product"}],"about":[{"href":"https:\/\/autostil.ba\/maloprodaja\/wp-json\/wp\/v2\/types\/product"}],"replies":[{"embeddable":true,"href":"https:\/\/autostil.ba\/maloprodaja\/wp-json\/wp\/v2\/comments?post=118702"}],"version-history":[{"count":1,"href":"https:\/\/autostil.ba\/maloprodaja\/wp-json\/wp\/v2\/product\/118702\/revisions"}],"predecessor-version":[{"id":118704,"href":"https:\/\/autostil.ba\/maloprodaja\/wp-json\/wp\/v2\/product\/118702\/revisions\/118704"}],"wp:featuredmedia":[{"embeddable":true,"href":"https:\/\/autostil.ba\/maloprodaja\/wp-json\/wp\/v2\/media\/118703"}],"wp:attachment":[{"href":"https:\/\/autostil.ba\/maloprodaja\/wp-json\/wp\/v2\/media?parent=118702"}],"wp:term":[{"taxonomy":"product_brand","embeddable":true,"href":"https:\/\/autostil.ba\/maloprodaja\/wp-json\/wp\/v2\/product_brand?post=118702"},{"taxonomy":"product_cat","embeddable":true,"href":"https:\/\/autostil.ba\/maloprodaja\/wp-json\/wp\/v2\/product_cat?post=118702"},{"taxonomy":"product_tag","embeddable":true,"href":"https:\/\/autostil.ba\/maloprodaja\/wp-json\/wp\/v2\/product_tag?post=118702"}],"curies":[{"name":"wp","href":"https:\/\/api.w.org\/{rel}","templated":true}]}}