{"id":118672,"date":"2025-03-25T10:00:38","date_gmt":"2025-03-25T08:00:38","guid":{"rendered":"https:\/\/autostil.ba\/maloprodaja\/?post_type=product&#038;p=118672"},"modified":"2026-04-08T11:46:06","modified_gmt":"2026-04-08T09:46:06","slug":"sonax-xtreme-politur-3-sa-voskom-250ml","status":"publish","type":"product","link":"https:\/\/autostil.ba\/maloprodaja\/proizvod\/10997\/sonax-xtreme-politur-3-sa-voskom-250ml\/","title":{"rendered":"SONAX XTREME POLITUR 3 SA VOSKOM 250ml"},"content":{"rendered":"","protected":false},"excerpt":{"rendered":"<p>Sna\u017eno sredstvo za poliranje na bazi nano-tehnologije za upotrebu na dotrajalom i blijedom laku. Abrazivi se raspr\u0161uju u mikroskopske nano-\u010destice tijekom poliranja. Zahvaljuju\u0107i tome, uklanjaju fine ogrebotine i maglicu, vra\u0107aju sjaj i osvje\u017eavaju boju. Istovremeno, nano-\u010destice voska prodiru duboko u pore i pru\u017eaju laku odli\u010dan sjaj i dugotrajnu za\u0161titu. Zbog svoje mikroskopske veli\u010dine, \u010destice voska se savr\u0161eno uklapaju u strukturu svakog laka (\u010dak i otpornog na ogrebotine), pa smanjuju napor pri poliranju.<\/p>\n","protected":false},"featured_media":118673,"comment_status":"open","ping_status":"closed","template":"","meta":{"_acf_changed":false,"inline_featured_image":false},"product_brand":[],"product_cat":[164],"product_tag":[],"class_list":{"0":"post-118672","1":"product","2":"type-product","3":"status-publish","4":"has-post-thumbnail","6":"product_cat-car-detailing","8":"first","9":"instock","10":"taxable","11":"shipping-taxable","12":"purchasable","13":"product-type-simple"},"acf":[],"custom_product_id":"10997","_links":{"self":[{"href":"https:\/\/autostil.ba\/maloprodaja\/wp-json\/wp\/v2\/product\/118672","targetHints":{"allow":["GET"]}}],"collection":[{"href":"https:\/\/autostil.ba\/maloprodaja\/wp-json\/wp\/v2\/product"}],"about":[{"href":"https:\/\/autostil.ba\/maloprodaja\/wp-json\/wp\/v2\/types\/product"}],"replies":[{"embeddable":true,"href":"https:\/\/autostil.ba\/maloprodaja\/wp-json\/wp\/v2\/comments?post=118672"}],"version-history":[{"count":1,"href":"https:\/\/autostil.ba\/maloprodaja\/wp-json\/wp\/v2\/product\/118672\/revisions"}],"predecessor-version":[{"id":118674,"href":"https:\/\/autostil.ba\/maloprodaja\/wp-json\/wp\/v2\/product\/118672\/revisions\/118674"}],"wp:featuredmedia":[{"embeddable":true,"href":"https:\/\/autostil.ba\/maloprodaja\/wp-json\/wp\/v2\/media\/118673"}],"wp:attachment":[{"href":"https:\/\/autostil.ba\/maloprodaja\/wp-json\/wp\/v2\/media?parent=118672"}],"wp:term":[{"taxonomy":"product_brand","embeddable":true,"href":"https:\/\/autostil.ba\/maloprodaja\/wp-json\/wp\/v2\/product_brand?post=118672"},{"taxonomy":"product_cat","embeddable":true,"href":"https:\/\/autostil.ba\/maloprodaja\/wp-json\/wp\/v2\/product_cat?post=118672"},{"taxonomy":"product_tag","embeddable":true,"href":"https:\/\/autostil.ba\/maloprodaja\/wp-json\/wp\/v2\/product_tag?post=118672"}],"curies":[{"name":"wp","href":"https:\/\/api.w.org\/{rel}","templated":true}]}}