{"id":118662,"date":"2025-03-25T09:41:38","date_gmt":"2025-03-25T07:41:38","guid":{"rendered":"https:\/\/autostil.ba\/maloprodaja\/?post_type=product&#038;p=118662"},"modified":"2026-04-08T11:46:06","modified_gmt":"2026-04-08T09:46:06","slug":"sonax-kokpit-sprej-vanilija-400ml","status":"publish","type":"product","link":"https:\/\/autostil.ba\/maloprodaja\/proizvod\/10946\/sonax-kokpit-sprej-vanilija-400ml\/","title":{"rendered":"SONAX KOKPIT SPREJ VANILIJA 400ml"},"content":{"rendered":"","protected":false},"excerpt":{"rendered":"<p>SONAX KOKPIT SPREJ VANILIJA 400ml; Sredstvo za odr\u017eavanje plo\u010de s instrumentima. \u010cisti i odr\u017eava sve plasti\u010dne dijelove unutar automobila. Unutra\u0161njost automobila osvje\u017eava ugodnim mirisom i daje novi sjaj. Djeluje protiv pra\u0161ine, anti-stati\u010dki i \u0161titi plastiku od napuknu\u0107a. Prikladan je i za elemente od drveta. Bez silikona<\/p>\n","protected":false},"featured_media":118663,"comment_status":"open","ping_status":"closed","template":"","meta":{"_acf_changed":false,"inline_featured_image":false},"product_brand":[],"product_cat":[164],"product_tag":[],"class_list":{"0":"post-118662","1":"product","2":"type-product","3":"status-publish","4":"has-post-thumbnail","6":"product_cat-car-detailing","8":"first","9":"instock","10":"taxable","11":"shipping-taxable","12":"purchasable","13":"product-type-simple"},"acf":[],"custom_product_id":"10946","_links":{"self":[{"href":"https:\/\/autostil.ba\/maloprodaja\/wp-json\/wp\/v2\/product\/118662","targetHints":{"allow":["GET"]}}],"collection":[{"href":"https:\/\/autostil.ba\/maloprodaja\/wp-json\/wp\/v2\/product"}],"about":[{"href":"https:\/\/autostil.ba\/maloprodaja\/wp-json\/wp\/v2\/types\/product"}],"replies":[{"embeddable":true,"href":"https:\/\/autostil.ba\/maloprodaja\/wp-json\/wp\/v2\/comments?post=118662"}],"version-history":[{"count":1,"href":"https:\/\/autostil.ba\/maloprodaja\/wp-json\/wp\/v2\/product\/118662\/revisions"}],"predecessor-version":[{"id":118664,"href":"https:\/\/autostil.ba\/maloprodaja\/wp-json\/wp\/v2\/product\/118662\/revisions\/118664"}],"wp:featuredmedia":[{"embeddable":true,"href":"https:\/\/autostil.ba\/maloprodaja\/wp-json\/wp\/v2\/media\/118663"}],"wp:attachment":[{"href":"https:\/\/autostil.ba\/maloprodaja\/wp-json\/wp\/v2\/media?parent=118662"}],"wp:term":[{"taxonomy":"product_brand","embeddable":true,"href":"https:\/\/autostil.ba\/maloprodaja\/wp-json\/wp\/v2\/product_brand?post=118662"},{"taxonomy":"product_cat","embeddable":true,"href":"https:\/\/autostil.ba\/maloprodaja\/wp-json\/wp\/v2\/product_cat?post=118662"},{"taxonomy":"product_tag","embeddable":true,"href":"https:\/\/autostil.ba\/maloprodaja\/wp-json\/wp\/v2\/product_tag?post=118662"}],"curies":[{"name":"wp","href":"https:\/\/api.w.org\/{rel}","templated":true}]}}