{"id":118652,"date":"2026-03-13T14:12:37","date_gmt":"2026-03-13T12:12:37","guid":{"rendered":"https:\/\/autostil.ba\/maloprodaja\/?post_type=product&#038;p=118652"},"modified":"2026-04-08T11:46:06","modified_gmt":"2026-04-08T09:46:06","slug":"sonax-cistac-feluga-beast-1l","status":"publish","type":"product","link":"https:\/\/autostil.ba\/maloprodaja\/proizvod\/11476\/sonax-cistac-feluga-beast-1l\/","title":{"rendered":"SONAX \u010cISTA\u010c FELUGA BEAST 1L"},"content":{"rendered":"","protected":false},"excerpt":{"rendered":"<p>Uz SONAX Wheel Beast ne\u010disto\u0107e nemaju \u0161anse!<\/p>\n<p>Za sve naplatke od \u010delika i lakih legura + bojane, kromirane, polirane i matirane naplatke.<\/p>\n<p>UPOTREBA: Protresite bocu, okrenite glavu raspr\u0161iva\u010da do polo\u017eaja za raspr\u0161ivanje. S kratke udaljenosti ujedna\u010deno raspr\u0161ite ohla\u0111eni naplatak. Ostavite da djeluje 2-4 minute. Boja sredstva Wheel Beast postaje crvena i osloba\u0111a se njegova puna snaga \u010di\u0161\u0107enja. Posebno te\u0161ka zaprljanja uklonite \u010detkom. U potpunosti isperite sredstvo za \u010di\u0161\u0107enje sna\u017enim mlazom vode ili visokotla\u010dnim ure\u0111ajem za \u010di\u0161\u0107enje. Ne o\u0161te\u0107uje povr\u0161inu naplatka niti vijke na kota\u010dima. Pogodno za gume sa TPMS sustavom (sustav za pra\u0107enje tlaka u gumama)<\/p>\n<p>NE SADR\u017dI KISELINE!!<\/p>\n","protected":false},"featured_media":118653,"comment_status":"open","ping_status":"closed","template":"","meta":{"_acf_changed":false,"inline_featured_image":false},"product_brand":[],"product_cat":[164],"product_tag":[],"class_list":{"0":"post-118652","1":"product","2":"type-product","3":"status-publish","4":"has-post-thumbnail","6":"product_cat-car-detailing","8":"first","9":"instock","10":"taxable","11":"shipping-taxable","12":"purchasable","13":"product-type-simple"},"acf":[],"custom_product_id":"11476","_links":{"self":[{"href":"https:\/\/autostil.ba\/maloprodaja\/wp-json\/wp\/v2\/product\/118652","targetHints":{"allow":["GET"]}}],"collection":[{"href":"https:\/\/autostil.ba\/maloprodaja\/wp-json\/wp\/v2\/product"}],"about":[{"href":"https:\/\/autostil.ba\/maloprodaja\/wp-json\/wp\/v2\/types\/product"}],"replies":[{"embeddable":true,"href":"https:\/\/autostil.ba\/maloprodaja\/wp-json\/wp\/v2\/comments?post=118652"}],"version-history":[{"count":1,"href":"https:\/\/autostil.ba\/maloprodaja\/wp-json\/wp\/v2\/product\/118652\/revisions"}],"predecessor-version":[{"id":118654,"href":"https:\/\/autostil.ba\/maloprodaja\/wp-json\/wp\/v2\/product\/118652\/revisions\/118654"}],"wp:featuredmedia":[{"embeddable":true,"href":"https:\/\/autostil.ba\/maloprodaja\/wp-json\/wp\/v2\/media\/118653"}],"wp:attachment":[{"href":"https:\/\/autostil.ba\/maloprodaja\/wp-json\/wp\/v2\/media?parent=118652"}],"wp:term":[{"taxonomy":"product_brand","embeddable":true,"href":"https:\/\/autostil.ba\/maloprodaja\/wp-json\/wp\/v2\/product_brand?post=118652"},{"taxonomy":"product_cat","embeddable":true,"href":"https:\/\/autostil.ba\/maloprodaja\/wp-json\/wp\/v2\/product_cat?post=118652"},{"taxonomy":"product_tag","embeddable":true,"href":"https:\/\/autostil.ba\/maloprodaja\/wp-json\/wp\/v2\/product_tag?post=118652"}],"curies":[{"name":"wp","href":"https:\/\/api.w.org\/{rel}","templated":true}]}}