{"id":118642,"date":"2025-03-25T09:58:37","date_gmt":"2025-03-25T07:58:37","guid":{"rendered":"https:\/\/autostil.ba\/maloprodaja\/?post_type=product&#038;p=118642"},"modified":"2026-04-08T11:46:06","modified_gmt":"2026-04-08T09:46:06","slug":"sonax-xtreme-briliant-vosak-nano-pro-250ml","status":"publish","type":"product","link":"https:\/\/autostil.ba\/maloprodaja\/proizvod\/10941\/sonax-xtreme-briliant-vosak-nano-pro-250ml\/","title":{"rendered":"SONAX XTREME BRILIANT VOSAK NANO PRO 250ml"},"content":{"rendered":"","protected":false},"excerpt":{"rendered":"<p>SONAX XTREME BRILIANT VOSAK NANO PRO 250ml; Teku\u0107i tvrdi vosak na bazi nano-tehnologije za sve vrste laka. Za kori\u0161tenje na novolakiranim povr\u0161inama, kao i na laku o\u010di\u0161\u0107enom i pripremljenom poliranjem. Mikro-\u010destice voska brzo se i jednostavno raspr\u0161uju po povr\u0161ini laka, ali i uklanjaju poliranjem. Pru\u017ea trajnu za\u0161titu i blistav sjaj. S prirodnim Carnauba voskom.<\/p>\n","protected":false},"featured_media":118643,"comment_status":"open","ping_status":"closed","template":"","meta":{"_acf_changed":false,"inline_featured_image":false},"product_brand":[],"product_cat":[164],"product_tag":[],"class_list":{"0":"post-118642","1":"product","2":"type-product","3":"status-publish","4":"has-post-thumbnail","6":"product_cat-car-detailing","8":"first","9":"instock","10":"taxable","11":"shipping-taxable","12":"purchasable","13":"product-type-simple"},"acf":[],"custom_product_id":"10941","_links":{"self":[{"href":"https:\/\/autostil.ba\/maloprodaja\/wp-json\/wp\/v2\/product\/118642","targetHints":{"allow":["GET"]}}],"collection":[{"href":"https:\/\/autostil.ba\/maloprodaja\/wp-json\/wp\/v2\/product"}],"about":[{"href":"https:\/\/autostil.ba\/maloprodaja\/wp-json\/wp\/v2\/types\/product"}],"replies":[{"embeddable":true,"href":"https:\/\/autostil.ba\/maloprodaja\/wp-json\/wp\/v2\/comments?post=118642"}],"version-history":[{"count":1,"href":"https:\/\/autostil.ba\/maloprodaja\/wp-json\/wp\/v2\/product\/118642\/revisions"}],"predecessor-version":[{"id":118644,"href":"https:\/\/autostil.ba\/maloprodaja\/wp-json\/wp\/v2\/product\/118642\/revisions\/118644"}],"wp:featuredmedia":[{"embeddable":true,"href":"https:\/\/autostil.ba\/maloprodaja\/wp-json\/wp\/v2\/media\/118643"}],"wp:attachment":[{"href":"https:\/\/autostil.ba\/maloprodaja\/wp-json\/wp\/v2\/media?parent=118642"}],"wp:term":[{"taxonomy":"product_brand","embeddable":true,"href":"https:\/\/autostil.ba\/maloprodaja\/wp-json\/wp\/v2\/product_brand?post=118642"},{"taxonomy":"product_cat","embeddable":true,"href":"https:\/\/autostil.ba\/maloprodaja\/wp-json\/wp\/v2\/product_cat?post=118642"},{"taxonomy":"product_tag","embeddable":true,"href":"https:\/\/autostil.ba\/maloprodaja\/wp-json\/wp\/v2\/product_tag?post=118642"}],"curies":[{"name":"wp","href":"https:\/\/api.w.org\/{rel}","templated":true}]}}