{"id":118582,"date":"2024-07-18T08:14:34","date_gmt":"2024-07-18T06:14:34","guid":{"rendered":"https:\/\/autostil.ba\/maloprodaja\/?post_type=product&#038;p=118582"},"modified":"2026-04-08T11:46:06","modified_gmt":"2026-04-08T09:46:06","slug":"sonax-cistac-feluga-xtreme-750ml","status":"publish","type":"product","link":"https:\/\/autostil.ba\/maloprodaja\/proizvod\/8916\/sonax-cistac-feluga-xtreme-750ml\/","title":{"rendered":"SONAX \u010cISTA\u010c FELUGA XTREME 750ml"},"content":{"rendered":"","protected":false},"excerpt":{"rendered":"<p>SONAX \u010cISTA\u010c FELUGA XTREME 750ml  Sredstvo za \u010di\u0161\u0107enje naplataka, visoko efikasno sredstvo za \u010di\u0161\u0107enje bez kiselina za sve naplatke od \u010delika i lakih metala &#8211; uklju\u010duju\u0107i obojene, kromirane i polirane feluge. Brzo i jednostavno uklanja \u010dak i najtvrdokorniju prljav\u0161tinu, kao \u0161to je izgorena ko\u010diona pra\u0161ina, ostaci ulja i gume i ostala prljav\u0161tina. Uz maksimalnu povr\u0161insku za\u0161titu, feluge u kratkom roku vra\u0107aju svoj novi izgled.<\/p>\n","protected":false},"featured_media":118583,"comment_status":"open","ping_status":"closed","template":"","meta":{"_acf_changed":false,"inline_featured_image":false},"product_brand":[],"product_cat":[164],"product_tag":[],"class_list":{"0":"post-118582","1":"product","2":"type-product","3":"status-publish","4":"has-post-thumbnail","6":"product_cat-car-detailing","8":"first","9":"instock","10":"taxable","11":"shipping-taxable","12":"purchasable","13":"product-type-simple"},"acf":[],"custom_product_id":"8916","_links":{"self":[{"href":"https:\/\/autostil.ba\/maloprodaja\/wp-json\/wp\/v2\/product\/118582","targetHints":{"allow":["GET"]}}],"collection":[{"href":"https:\/\/autostil.ba\/maloprodaja\/wp-json\/wp\/v2\/product"}],"about":[{"href":"https:\/\/autostil.ba\/maloprodaja\/wp-json\/wp\/v2\/types\/product"}],"replies":[{"embeddable":true,"href":"https:\/\/autostil.ba\/maloprodaja\/wp-json\/wp\/v2\/comments?post=118582"}],"version-history":[{"count":1,"href":"https:\/\/autostil.ba\/maloprodaja\/wp-json\/wp\/v2\/product\/118582\/revisions"}],"predecessor-version":[{"id":118584,"href":"https:\/\/autostil.ba\/maloprodaja\/wp-json\/wp\/v2\/product\/118582\/revisions\/118584"}],"wp:featuredmedia":[{"embeddable":true,"href":"https:\/\/autostil.ba\/maloprodaja\/wp-json\/wp\/v2\/media\/118583"}],"wp:attachment":[{"href":"https:\/\/autostil.ba\/maloprodaja\/wp-json\/wp\/v2\/media?parent=118582"}],"wp:term":[{"taxonomy":"product_brand","embeddable":true,"href":"https:\/\/autostil.ba\/maloprodaja\/wp-json\/wp\/v2\/product_brand?post=118582"},{"taxonomy":"product_cat","embeddable":true,"href":"https:\/\/autostil.ba\/maloprodaja\/wp-json\/wp\/v2\/product_cat?post=118582"},{"taxonomy":"product_tag","embeddable":true,"href":"https:\/\/autostil.ba\/maloprodaja\/wp-json\/wp\/v2\/product_tag?post=118582"}],"curies":[{"name":"wp","href":"https:\/\/api.w.org\/{rel}","templated":true}]}}