{"id":118572,"date":"2024-12-04T15:32:34","date_gmt":"2024-12-04T13:32:34","guid":{"rendered":"https:\/\/autostil.ba\/maloprodaja\/?post_type=product&#038;p=118572"},"modified":"2026-04-08T11:45:59","modified_gmt":"2026-04-08T09:45:59","slug":"sonax-polir-pasta-fina-ex-04-06-250ml","status":"publish","type":"product","link":"https:\/\/autostil.ba\/maloprodaja\/proizvod\/10737\/sonax-polir-pasta-fina-ex-04-06-250ml\/","title":{"rendered":"SONAX POLIR PASTA FINA EX 04-06 250ml"},"content":{"rendered":"","protected":false},"excerpt":{"rendered":"<p>SONAX POLIR PASTA FINA EX 04-06 250ml;<br \/>\nSpecijalni profesionalni lak za ekscentri\u010dnu obradu, donosi optimalno uklanjanje ogrebotina, impresivan dubok sjaj i osvje\u017eenje boje bez presedana. Stvara rezultate u procesu od 1 koraka koji su prije bili mogu\u0107i samo s rotiraju\u0107im alatima. Za gornji rezultat bez holograma. Bez silikona i sa malo pra\u0161ine (tehnologija niske pra\u0161ine). Uklanja bru\u0161enje do granulacije P2000 ili finije. Snaga bru\u0161enja: 4 Sjaj: 6<br \/>\nJednostepeni lak visokog sjaja bez silikona za ekscentri\u010dne ma\u0161ine za profesionalno poliranje blago istro\u0161enih ili bru\u0161enih boja.<br \/>\nza proces u jednom koraku sa savr\u0161enim sjajem bez holograma. Veoma efikasno uklanjanje ogrebotina<br \/>\nsadr\u017ei izuzetno fini aluminijum oksid visoke \u010disto\u0107e<br \/>\nZbog optimalnog uklanjanja ogrebotina i bru\u0161enja, posebno pogodan za farbare za poliranje svje\u017eeg laka.<br \/>\nUklanja bru\u0161enje do granulacije P2000 ili finije.<br \/>\nbez silikona<br \/>\nniska pra\u0161ina<br \/>\nhologram besplatno<br \/>\nkratko vrijeme obrade.<\/p>\n","protected":false},"featured_media":118573,"comment_status":"open","ping_status":"closed","template":"","meta":{"_acf_changed":false,"inline_featured_image":false},"product_brand":[],"product_cat":[164],"product_tag":[],"class_list":{"0":"post-118572","1":"product","2":"type-product","3":"status-publish","4":"has-post-thumbnail","6":"product_cat-car-detailing","8":"first","9":"instock","10":"taxable","11":"shipping-taxable","12":"purchasable","13":"product-type-simple"},"acf":[],"custom_product_id":"10737","_links":{"self":[{"href":"https:\/\/autostil.ba\/maloprodaja\/wp-json\/wp\/v2\/product\/118572","targetHints":{"allow":["GET"]}}],"collection":[{"href":"https:\/\/autostil.ba\/maloprodaja\/wp-json\/wp\/v2\/product"}],"about":[{"href":"https:\/\/autostil.ba\/maloprodaja\/wp-json\/wp\/v2\/types\/product"}],"replies":[{"embeddable":true,"href":"https:\/\/autostil.ba\/maloprodaja\/wp-json\/wp\/v2\/comments?post=118572"}],"version-history":[{"count":1,"href":"https:\/\/autostil.ba\/maloprodaja\/wp-json\/wp\/v2\/product\/118572\/revisions"}],"predecessor-version":[{"id":118574,"href":"https:\/\/autostil.ba\/maloprodaja\/wp-json\/wp\/v2\/product\/118572\/revisions\/118574"}],"wp:featuredmedia":[{"embeddable":true,"href":"https:\/\/autostil.ba\/maloprodaja\/wp-json\/wp\/v2\/media\/118573"}],"wp:attachment":[{"href":"https:\/\/autostil.ba\/maloprodaja\/wp-json\/wp\/v2\/media?parent=118572"}],"wp:term":[{"taxonomy":"product_brand","embeddable":true,"href":"https:\/\/autostil.ba\/maloprodaja\/wp-json\/wp\/v2\/product_brand?post=118572"},{"taxonomy":"product_cat","embeddable":true,"href":"https:\/\/autostil.ba\/maloprodaja\/wp-json\/wp\/v2\/product_cat?post=118572"},{"taxonomy":"product_tag","embeddable":true,"href":"https:\/\/autostil.ba\/maloprodaja\/wp-json\/wp\/v2\/product_tag?post=118572"}],"curies":[{"name":"wp","href":"https:\/\/api.w.org\/{rel}","templated":true}]}}