{"id":118552,"date":"2026-01-19T15:05:32","date_gmt":"2026-01-19T13:05:32","guid":{"rendered":"https:\/\/autostil.ba\/maloprodaja\/?post_type=product&#038;p=118552"},"modified":"2026-04-08T11:45:59","modified_gmt":"2026-04-08T09:45:59","slug":"sonax-xtreme-ceramic-spray-coating-750ml","status":"publish","type":"product","link":"https:\/\/autostil.ba\/maloprodaja\/proizvod\/11048\/sonax-xtreme-ceramic-spray-coating-750ml\/","title":{"rendered":"SONAX XTREME CERAMIC SPRAY COATING 750ml"},"content":{"rendered":"","protected":false},"excerpt":{"rendered":"<p>Sonax Xtreme kerami\u010dki sprej, \u0161titi lak od prljav\u0161tine, insekata i soli na cesti, \u0161to uvelike olak\u0161ava pranje vozila, za sobom ostavlja visoki sjaj i osvje\u017eava postoje\u0107e kerami\u010dke premaze. \u0160titi lak do 4 mjeseca.<\/p>\n<p>Primjena:<\/p>\n<p>Temeljito o\u010distite vozilo, potpuno su\u0161enje nije potrebno<br \/>\nProtresite bocu prije upotrebe<br \/>\nRaspr\u0161ite proizvod na krpu od mikrovlakana i tanko ravnomjerno rasporedite na suhu ili malo vla\u017enu boju<br \/>\nZatim ostatke obri\u0161ite suhom krpom od mikrovlakana<br \/>\nPonovite nano\u0161enje ako je dojam u boji neujedna\u010den<\/p>\n","protected":false},"featured_media":118553,"comment_status":"open","ping_status":"closed","template":"","meta":{"_acf_changed":false,"inline_featured_image":false},"product_brand":[],"product_cat":[164],"product_tag":[],"class_list":{"0":"post-118552","1":"product","2":"type-product","3":"status-publish","4":"has-post-thumbnail","6":"product_cat-car-detailing","8":"first","9":"instock","10":"taxable","11":"shipping-taxable","12":"purchasable","13":"product-type-simple"},"acf":[],"custom_product_id":"11048","_links":{"self":[{"href":"https:\/\/autostil.ba\/maloprodaja\/wp-json\/wp\/v2\/product\/118552","targetHints":{"allow":["GET"]}}],"collection":[{"href":"https:\/\/autostil.ba\/maloprodaja\/wp-json\/wp\/v2\/product"}],"about":[{"href":"https:\/\/autostil.ba\/maloprodaja\/wp-json\/wp\/v2\/types\/product"}],"replies":[{"embeddable":true,"href":"https:\/\/autostil.ba\/maloprodaja\/wp-json\/wp\/v2\/comments?post=118552"}],"version-history":[{"count":1,"href":"https:\/\/autostil.ba\/maloprodaja\/wp-json\/wp\/v2\/product\/118552\/revisions"}],"predecessor-version":[{"id":118554,"href":"https:\/\/autostil.ba\/maloprodaja\/wp-json\/wp\/v2\/product\/118552\/revisions\/118554"}],"wp:featuredmedia":[{"embeddable":true,"href":"https:\/\/autostil.ba\/maloprodaja\/wp-json\/wp\/v2\/media\/118553"}],"wp:attachment":[{"href":"https:\/\/autostil.ba\/maloprodaja\/wp-json\/wp\/v2\/media?parent=118552"}],"wp:term":[{"taxonomy":"product_brand","embeddable":true,"href":"https:\/\/autostil.ba\/maloprodaja\/wp-json\/wp\/v2\/product_brand?post=118552"},{"taxonomy":"product_cat","embeddable":true,"href":"https:\/\/autostil.ba\/maloprodaja\/wp-json\/wp\/v2\/product_cat?post=118552"},{"taxonomy":"product_tag","embeddable":true,"href":"https:\/\/autostil.ba\/maloprodaja\/wp-json\/wp\/v2\/product_tag?post=118552"}],"curies":[{"name":"wp","href":"https:\/\/api.w.org\/{rel}","templated":true}]}}