{"id":118532,"date":"2024-07-18T08:14:31","date_gmt":"2024-07-18T06:14:31","guid":{"rendered":"https:\/\/autostil.ba\/maloprodaja\/?post_type=product&#038;p=118532"},"modified":"2026-04-08T11:45:59","modified_gmt":"2026-04-08T09:45:59","slug":"sonax-profi-politur-za-farove-250ml","status":"publish","type":"product","link":"https:\/\/autostil.ba\/maloprodaja\/proizvod\/8922\/sonax-profi-politur-za-farove-250ml\/","title":{"rendered":"SONAX PROFI POLITUR ZA FAROVE 250ml"},"content":{"rendered":"","protected":false},"excerpt":{"rendered":"<p>SONAX PROFI POLITUR ZA FAROVE 250ml  Specijalna pasta za osvje\u017eavanje po\u017eutjelih i mat farova od plastike. Uklanja lagane do srednje ogrebotine i vra\u0107a izvornu jasno\u0107u. Osigurava optimalan izlaz svjetlosti. Pove\u0107ava sigurnost u vo\u017enji i pobolj\u0161ava ukupni izgled. Za <\/p>\n<p>prednja i zadnja svjetla. Upotreba sa ma\u0161inom za poliranje.<\/p>\n","protected":false},"featured_media":118533,"comment_status":"open","ping_status":"closed","template":"","meta":{"_acf_changed":false,"inline_featured_image":false},"product_brand":[],"product_cat":[164],"product_tag":[],"class_list":{"0":"post-118532","1":"product","2":"type-product","3":"status-publish","4":"has-post-thumbnail","6":"product_cat-car-detailing","8":"first","9":"instock","10":"taxable","11":"shipping-taxable","12":"purchasable","13":"product-type-simple"},"acf":[],"custom_product_id":"8922","_links":{"self":[{"href":"https:\/\/autostil.ba\/maloprodaja\/wp-json\/wp\/v2\/product\/118532","targetHints":{"allow":["GET"]}}],"collection":[{"href":"https:\/\/autostil.ba\/maloprodaja\/wp-json\/wp\/v2\/product"}],"about":[{"href":"https:\/\/autostil.ba\/maloprodaja\/wp-json\/wp\/v2\/types\/product"}],"replies":[{"embeddable":true,"href":"https:\/\/autostil.ba\/maloprodaja\/wp-json\/wp\/v2\/comments?post=118532"}],"version-history":[{"count":1,"href":"https:\/\/autostil.ba\/maloprodaja\/wp-json\/wp\/v2\/product\/118532\/revisions"}],"predecessor-version":[{"id":118534,"href":"https:\/\/autostil.ba\/maloprodaja\/wp-json\/wp\/v2\/product\/118532\/revisions\/118534"}],"wp:featuredmedia":[{"embeddable":true,"href":"https:\/\/autostil.ba\/maloprodaja\/wp-json\/wp\/v2\/media\/118533"}],"wp:attachment":[{"href":"https:\/\/autostil.ba\/maloprodaja\/wp-json\/wp\/v2\/media?parent=118532"}],"wp:term":[{"taxonomy":"product_brand","embeddable":true,"href":"https:\/\/autostil.ba\/maloprodaja\/wp-json\/wp\/v2\/product_brand?post=118532"},{"taxonomy":"product_cat","embeddable":true,"href":"https:\/\/autostil.ba\/maloprodaja\/wp-json\/wp\/v2\/product_cat?post=118532"},{"taxonomy":"product_tag","embeddable":true,"href":"https:\/\/autostil.ba\/maloprodaja\/wp-json\/wp\/v2\/product_tag?post=118532"}],"curies":[{"name":"wp","href":"https:\/\/api.w.org\/{rel}","templated":true}]}}