{"id":118512,"date":"2024-07-18T08:14:30","date_gmt":"2024-07-18T06:14:30","guid":{"rendered":"https:\/\/autostil.ba\/maloprodaja\/?post_type=product&#038;p=118512"},"modified":"2026-04-08T11:45:59","modified_gmt":"2026-04-08T09:45:59","slug":"sonax-pjena-za-ciscenje-i-njegu-koze-xtreme-250ml","status":"publish","type":"product","link":"https:\/\/autostil.ba\/maloprodaja\/proizvod\/10948\/sonax-pjena-za-ciscenje-i-njegu-koze-xtreme-250ml\/","title":{"rendered":"SONAX PJENA ZA \u010cI\u0160\u0106ENJE I NJEGU KO\u017dE XTREME 250ml"},"content":{"rendered":"","protected":false},"excerpt":{"rendered":"<p>SONAX PJENA ZA \u010cI\u0160\u0106ENJE I NJEGU KO\u017dE XTREME 250ml;  Za \u010di\u0161\u0107enje i njegu ko\u017enih povr\u0161ina u unutra\u0161njosti automobila, motociklisti\u010dke ko\u017ene opreme, torbi, namje\u0161taja itd., izra\u0111enih od meke ko\u017ee. Pogodno za ko\u017eu bilo koje boje. Vra\u0107a ko\u017ei meko\u0107u. Idealan za vozila sa grijanim sjedalima, kao i za perforirane ko\u017ene povr\u0161ine. Sa prirodnim mirisom ko\u017ee. Bez silikona.<\/p>\n","protected":false},"featured_media":118513,"comment_status":"open","ping_status":"closed","template":"","meta":{"_acf_changed":false,"inline_featured_image":false},"product_brand":[],"product_cat":[164],"product_tag":[],"class_list":{"0":"post-118512","1":"product","2":"type-product","3":"status-publish","4":"has-post-thumbnail","6":"product_cat-car-detailing","8":"first","9":"instock","10":"taxable","11":"shipping-taxable","12":"purchasable","13":"product-type-simple"},"acf":[],"custom_product_id":"10948","_links":{"self":[{"href":"https:\/\/autostil.ba\/maloprodaja\/wp-json\/wp\/v2\/product\/118512","targetHints":{"allow":["GET"]}}],"collection":[{"href":"https:\/\/autostil.ba\/maloprodaja\/wp-json\/wp\/v2\/product"}],"about":[{"href":"https:\/\/autostil.ba\/maloprodaja\/wp-json\/wp\/v2\/types\/product"}],"replies":[{"embeddable":true,"href":"https:\/\/autostil.ba\/maloprodaja\/wp-json\/wp\/v2\/comments?post=118512"}],"version-history":[{"count":1,"href":"https:\/\/autostil.ba\/maloprodaja\/wp-json\/wp\/v2\/product\/118512\/revisions"}],"predecessor-version":[{"id":118514,"href":"https:\/\/autostil.ba\/maloprodaja\/wp-json\/wp\/v2\/product\/118512\/revisions\/118514"}],"wp:featuredmedia":[{"embeddable":true,"href":"https:\/\/autostil.ba\/maloprodaja\/wp-json\/wp\/v2\/media\/118513"}],"wp:attachment":[{"href":"https:\/\/autostil.ba\/maloprodaja\/wp-json\/wp\/v2\/media?parent=118512"}],"wp:term":[{"taxonomy":"product_brand","embeddable":true,"href":"https:\/\/autostil.ba\/maloprodaja\/wp-json\/wp\/v2\/product_brand?post=118512"},{"taxonomy":"product_cat","embeddable":true,"href":"https:\/\/autostil.ba\/maloprodaja\/wp-json\/wp\/v2\/product_cat?post=118512"},{"taxonomy":"product_tag","embeddable":true,"href":"https:\/\/autostil.ba\/maloprodaja\/wp-json\/wp\/v2\/product_tag?post=118512"}],"curies":[{"name":"wp","href":"https:\/\/api.w.org\/{rel}","templated":true}]}}