{"id":118502,"date":"2025-09-12T12:11:30","date_gmt":"2025-09-12T10:11:30","guid":{"rendered":"https:\/\/autostil.ba\/maloprodaja\/?post_type=product&#038;p=118502"},"modified":"2026-04-08T11:45:59","modified_gmt":"2026-04-08T09:45:59","slug":"sonax-polir-pasta-sa-voskom-bijela-500ml","status":"publish","type":"product","link":"https:\/\/autostil.ba\/maloprodaja\/proizvod\/6569\/sonax-polir-pasta-sa-voskom-bijela-500ml\/","title":{"rendered":"SONAX POLIR PASTA SA VOSKOM BIJELA 500ml"},"content":{"rendered":"","protected":false},"excerpt":{"rendered":"<p>Za sve standardne i metalne boje. Pigmenti u boji prekrivaju sitne ogrebotine. Daje bojama sna\u017ean sjaj i sjaj koji traje mjesecima. Pru\u017ea izvanrednu dugoro\u010dnu za\u0161titu. \u010cisti, polira i \u0161titi u jednoj operaciji u bo\u010dici od 500 ml.<\/p>\n","protected":false},"featured_media":793045666,"comment_status":"open","ping_status":"closed","template":"","meta":{"_acf_changed":false,"inline_featured_image":false},"product_brand":[],"product_cat":[97],"product_tag":[],"class_list":{"0":"post-118502","1":"product","2":"type-product","3":"status-publish","4":"has-post-thumbnail","6":"product_cat-program-za-poliranje-vozila","8":"first","9":"instock","10":"taxable","11":"shipping-taxable","12":"purchasable","13":"product-type-simple"},"acf":[],"custom_product_id":"6569","_links":{"self":[{"href":"https:\/\/autostil.ba\/maloprodaja\/wp-json\/wp\/v2\/product\/118502","targetHints":{"allow":["GET"]}}],"collection":[{"href":"https:\/\/autostil.ba\/maloprodaja\/wp-json\/wp\/v2\/product"}],"about":[{"href":"https:\/\/autostil.ba\/maloprodaja\/wp-json\/wp\/v2\/types\/product"}],"replies":[{"embeddable":true,"href":"https:\/\/autostil.ba\/maloprodaja\/wp-json\/wp\/v2\/comments?post=118502"}],"version-history":[{"count":1,"href":"https:\/\/autostil.ba\/maloprodaja\/wp-json\/wp\/v2\/product\/118502\/revisions"}],"predecessor-version":[{"id":118504,"href":"https:\/\/autostil.ba\/maloprodaja\/wp-json\/wp\/v2\/product\/118502\/revisions\/118504"}],"wp:featuredmedia":[{"embeddable":true,"href":"https:\/\/autostil.ba\/maloprodaja\/wp-json\/wp\/v2\/media\/793045666"}],"wp:attachment":[{"href":"https:\/\/autostil.ba\/maloprodaja\/wp-json\/wp\/v2\/media?parent=118502"}],"wp:term":[{"taxonomy":"product_brand","embeddable":true,"href":"https:\/\/autostil.ba\/maloprodaja\/wp-json\/wp\/v2\/product_brand?post=118502"},{"taxonomy":"product_cat","embeddable":true,"href":"https:\/\/autostil.ba\/maloprodaja\/wp-json\/wp\/v2\/product_cat?post=118502"},{"taxonomy":"product_tag","embeddable":true,"href":"https:\/\/autostil.ba\/maloprodaja\/wp-json\/wp\/v2\/product_tag?post=118502"}],"curies":[{"name":"wp","href":"https:\/\/api.w.org\/{rel}","templated":true}]}}