{"id":118382,"date":"2024-07-18T08:14:24","date_gmt":"2024-07-18T06:14:24","guid":{"rendered":"https:\/\/autostil.ba\/maloprodaja\/?post_type=product&#038;p=118382"},"modified":"2026-04-08T11:45:53","modified_gmt":"2026-04-08T09:45:53","slug":"sonax-osvjezivac-spoljne-plastike-crni-100ml","status":"publish","type":"product","link":"https:\/\/autostil.ba\/maloprodaja\/proizvod\/8921\/sonax-osvjezivac-spoljne-plastike-crni-100ml\/","title":{"rendered":"SONAX OSVJE\u017dIVA\u010c SPOLJNE PLASTIKE CRNI 100ml"},"content":{"rendered":"","protected":false},"excerpt":{"rendered":"<p>SONAX OSVJE\u017dIVA\u010c SPOLJNE PLASTIKE CRNI 100ml  Dobro prijanjaju\u0107a boja, na vodenoj bazi, za osvje\u017eavanje jako izbijeljene plastike na vanjskoj strani vozila. Udoban i \u010dist nanos zahvaljuju\u0107i aplikatoru spu\u017eve.<\/p>\n","protected":false},"featured_media":118383,"comment_status":"open","ping_status":"closed","template":"","meta":{"_acf_changed":false,"inline_featured_image":false},"product_brand":[],"product_cat":[164],"product_tag":[],"class_list":{"0":"post-118382","1":"product","2":"type-product","3":"status-publish","4":"has-post-thumbnail","6":"product_cat-car-detailing","8":"first","9":"instock","10":"taxable","11":"shipping-taxable","12":"purchasable","13":"product-type-simple"},"acf":[],"custom_product_id":"8921","_links":{"self":[{"href":"https:\/\/autostil.ba\/maloprodaja\/wp-json\/wp\/v2\/product\/118382","targetHints":{"allow":["GET"]}}],"collection":[{"href":"https:\/\/autostil.ba\/maloprodaja\/wp-json\/wp\/v2\/product"}],"about":[{"href":"https:\/\/autostil.ba\/maloprodaja\/wp-json\/wp\/v2\/types\/product"}],"replies":[{"embeddable":true,"href":"https:\/\/autostil.ba\/maloprodaja\/wp-json\/wp\/v2\/comments?post=118382"}],"version-history":[{"count":1,"href":"https:\/\/autostil.ba\/maloprodaja\/wp-json\/wp\/v2\/product\/118382\/revisions"}],"predecessor-version":[{"id":118384,"href":"https:\/\/autostil.ba\/maloprodaja\/wp-json\/wp\/v2\/product\/118382\/revisions\/118384"}],"wp:featuredmedia":[{"embeddable":true,"href":"https:\/\/autostil.ba\/maloprodaja\/wp-json\/wp\/v2\/media\/118383"}],"wp:attachment":[{"href":"https:\/\/autostil.ba\/maloprodaja\/wp-json\/wp\/v2\/media?parent=118382"}],"wp:term":[{"taxonomy":"product_brand","embeddable":true,"href":"https:\/\/autostil.ba\/maloprodaja\/wp-json\/wp\/v2\/product_brand?post=118382"},{"taxonomy":"product_cat","embeddable":true,"href":"https:\/\/autostil.ba\/maloprodaja\/wp-json\/wp\/v2\/product_cat?post=118382"},{"taxonomy":"product_tag","embeddable":true,"href":"https:\/\/autostil.ba\/maloprodaja\/wp-json\/wp\/v2\/product_tag?post=118382"}],"curies":[{"name":"wp","href":"https:\/\/api.w.org\/{rel}","templated":true}]}}