{"id":118352,"date":"2024-07-18T08:14:23","date_gmt":"2024-07-18T06:14:23","guid":{"rendered":"https:\/\/autostil.ba\/maloprodaja\/?post_type=product&#038;p=118352"},"modified":"2026-04-08T11:45:48","modified_gmt":"2026-04-08T09:45:48","slug":"sonax-rukavica-za-kokpit-mikrofiber","status":"publish","type":"product","link":"https:\/\/autostil.ba\/maloprodaja\/proizvod\/9891\/sonax-rukavica-za-kokpit-mikrofiber\/","title":{"rendered":"SONAX RUKAVICA ZA KOKPIT MIKROFIBER"},"content":{"rendered":"","protected":false},"excerpt":{"rendered":"<p>Aplikator za nano\u0161enje proizvoda za negu u unutra\u0161njosti auta.<br \/>\nZahvaljuju\u0107i ergonomskom prakti\u010dnom obliku, pristupa i te\u017ee pristupa\u010dnim mestima.<br \/>\nhttps:\/\/www.youtube.com\/watch?v=h_JdXeIH-qg<\/p>\n","protected":false},"featured_media":118353,"comment_status":"open","ping_status":"closed","template":"","meta":{"_acf_changed":false,"inline_featured_image":false},"product_brand":[],"product_cat":[164],"product_tag":[],"class_list":{"0":"post-118352","1":"product","2":"type-product","3":"status-publish","4":"has-post-thumbnail","6":"product_cat-car-detailing","8":"first","9":"instock","10":"taxable","11":"shipping-taxable","12":"purchasable","13":"product-type-simple"},"acf":[],"custom_product_id":"9891","_links":{"self":[{"href":"https:\/\/autostil.ba\/maloprodaja\/wp-json\/wp\/v2\/product\/118352","targetHints":{"allow":["GET"]}}],"collection":[{"href":"https:\/\/autostil.ba\/maloprodaja\/wp-json\/wp\/v2\/product"}],"about":[{"href":"https:\/\/autostil.ba\/maloprodaja\/wp-json\/wp\/v2\/types\/product"}],"replies":[{"embeddable":true,"href":"https:\/\/autostil.ba\/maloprodaja\/wp-json\/wp\/v2\/comments?post=118352"}],"version-history":[{"count":1,"href":"https:\/\/autostil.ba\/maloprodaja\/wp-json\/wp\/v2\/product\/118352\/revisions"}],"predecessor-version":[{"id":118354,"href":"https:\/\/autostil.ba\/maloprodaja\/wp-json\/wp\/v2\/product\/118352\/revisions\/118354"}],"wp:featuredmedia":[{"embeddable":true,"href":"https:\/\/autostil.ba\/maloprodaja\/wp-json\/wp\/v2\/media\/118353"}],"wp:attachment":[{"href":"https:\/\/autostil.ba\/maloprodaja\/wp-json\/wp\/v2\/media?parent=118352"}],"wp:term":[{"taxonomy":"product_brand","embeddable":true,"href":"https:\/\/autostil.ba\/maloprodaja\/wp-json\/wp\/v2\/product_brand?post=118352"},{"taxonomy":"product_cat","embeddable":true,"href":"https:\/\/autostil.ba\/maloprodaja\/wp-json\/wp\/v2\/product_cat?post=118352"},{"taxonomy":"product_tag","embeddable":true,"href":"https:\/\/autostil.ba\/maloprodaja\/wp-json\/wp\/v2\/product_tag?post=118352"}],"curies":[{"name":"wp","href":"https:\/\/api.w.org\/{rel}","templated":true}]}}