{"id":118322,"date":"2026-03-13T14:29:22","date_gmt":"2026-03-13T12:29:22","guid":{"rendered":"https:\/\/autostil.ba\/maloprodaja\/?post_type=product&#038;p=118322"},"modified":"2026-04-08T11:45:47","modified_gmt":"2026-04-08T09:45:47","slug":"sonax-spuzva-od-mikrovlakana-za-pranje-vozila","status":"publish","type":"product","link":"https:\/\/autostil.ba\/maloprodaja\/proizvod\/10303\/sonax-spuzva-od-mikrovlakana-za-pranje-vozila\/","title":{"rendered":"SONAX SPU\u017dVA OD MIKROVLAKANA ZA PRANJE VOZILA"},"content":{"rendered":"","protected":false},"excerpt":{"rendered":"<p>SONAX SPU\u017dVA OD MIKROVLAKANA ZA PRANJE 428100 je spu\u017eva od mikrovlakana s dvije razli\u010dite strane za temeljito pranje automobila \u2013 duga vlakna posebno nje\u017eno \u010diste, vrlo su upijaju\u0107a i pove\u0107avaju stvaranje pjene, dok kratka poma\u017eu u uklanjanju tvrdokorne prljav\u0161tine.<br \/>\nSastav: 89% poliester, 11%<\/p>\n","protected":false},"featured_media":118323,"comment_status":"open","ping_status":"closed","template":"","meta":{"_acf_changed":false,"inline_featured_image":false},"product_brand":[],"product_cat":[164],"product_tag":[],"class_list":{"0":"post-118322","1":"product","2":"type-product","3":"status-publish","4":"has-post-thumbnail","6":"product_cat-car-detailing","8":"first","9":"instock","10":"taxable","11":"shipping-taxable","12":"purchasable","13":"product-type-simple"},"acf":[],"custom_product_id":"10303","_links":{"self":[{"href":"https:\/\/autostil.ba\/maloprodaja\/wp-json\/wp\/v2\/product\/118322","targetHints":{"allow":["GET"]}}],"collection":[{"href":"https:\/\/autostil.ba\/maloprodaja\/wp-json\/wp\/v2\/product"}],"about":[{"href":"https:\/\/autostil.ba\/maloprodaja\/wp-json\/wp\/v2\/types\/product"}],"replies":[{"embeddable":true,"href":"https:\/\/autostil.ba\/maloprodaja\/wp-json\/wp\/v2\/comments?post=118322"}],"version-history":[{"count":1,"href":"https:\/\/autostil.ba\/maloprodaja\/wp-json\/wp\/v2\/product\/118322\/revisions"}],"predecessor-version":[{"id":118324,"href":"https:\/\/autostil.ba\/maloprodaja\/wp-json\/wp\/v2\/product\/118322\/revisions\/118324"}],"wp:featuredmedia":[{"embeddable":true,"href":"https:\/\/autostil.ba\/maloprodaja\/wp-json\/wp\/v2\/media\/118323"}],"wp:attachment":[{"href":"https:\/\/autostil.ba\/maloprodaja\/wp-json\/wp\/v2\/media?parent=118322"}],"wp:term":[{"taxonomy":"product_brand","embeddable":true,"href":"https:\/\/autostil.ba\/maloprodaja\/wp-json\/wp\/v2\/product_brand?post=118322"},{"taxonomy":"product_cat","embeddable":true,"href":"https:\/\/autostil.ba\/maloprodaja\/wp-json\/wp\/v2\/product_cat?post=118322"},{"taxonomy":"product_tag","embeddable":true,"href":"https:\/\/autostil.ba\/maloprodaja\/wp-json\/wp\/v2\/product_tag?post=118322"}],"curies":[{"name":"wp","href":"https:\/\/api.w.org\/{rel}","templated":true}]}}