{"id":118312,"date":"2024-07-18T08:14:21","date_gmt":"2024-07-18T06:14:21","guid":{"rendered":"https:\/\/autostil.ba\/maloprodaja\/?post_type=product&#038;p=118312"},"modified":"2026-04-08T11:45:47","modified_gmt":"2026-04-08T09:45:47","slug":"sonax-rukavica-za-pranje-od-mikrovlakana","status":"publish","type":"product","link":"https:\/\/autostil.ba\/maloprodaja\/proizvod\/10996\/sonax-rukavica-za-pranje-od-mikrovlakana\/","title":{"rendered":"SONAX RUKAVICA ZA PRANJE OD MIKROVLAKANA"},"content":{"rendered":"","protected":false},"excerpt":{"rendered":"<p>Prakti\u010dna rukavica za \u010di\u0161\u0107enje vanjskih povr\u0161ina vozila. Blaga i glatka kvaliteta mikrofibra osigurava temeljito i nje\u017eno \u010di\u0161\u0107enje svih povr\u0161ina laka, stakla i plastike. Intenzivno \u010di\u0161\u0107enje uz maksimalnu povr\u0161insku za\u0161titu. Ne\u010disto\u0107a se zadr\u017eava u vlaknima i stoga ne mo\u017ee ogrebati povr\u0161ine.<\/p>\n<p>Pakovanje: 1 komad<\/p>\n","protected":false},"featured_media":118313,"comment_status":"open","ping_status":"closed","template":"","meta":{"_acf_changed":false,"inline_featured_image":false},"product_brand":[],"product_cat":[164],"product_tag":[],"class_list":{"0":"post-118312","1":"product","2":"type-product","3":"status-publish","4":"has-post-thumbnail","6":"product_cat-car-detailing","8":"first","9":"instock","10":"taxable","11":"shipping-taxable","12":"purchasable","13":"product-type-simple"},"acf":[],"custom_product_id":"10996","_links":{"self":[{"href":"https:\/\/autostil.ba\/maloprodaja\/wp-json\/wp\/v2\/product\/118312","targetHints":{"allow":["GET"]}}],"collection":[{"href":"https:\/\/autostil.ba\/maloprodaja\/wp-json\/wp\/v2\/product"}],"about":[{"href":"https:\/\/autostil.ba\/maloprodaja\/wp-json\/wp\/v2\/types\/product"}],"replies":[{"embeddable":true,"href":"https:\/\/autostil.ba\/maloprodaja\/wp-json\/wp\/v2\/comments?post=118312"}],"version-history":[{"count":1,"href":"https:\/\/autostil.ba\/maloprodaja\/wp-json\/wp\/v2\/product\/118312\/revisions"}],"predecessor-version":[{"id":118314,"href":"https:\/\/autostil.ba\/maloprodaja\/wp-json\/wp\/v2\/product\/118312\/revisions\/118314"}],"wp:featuredmedia":[{"embeddable":true,"href":"https:\/\/autostil.ba\/maloprodaja\/wp-json\/wp\/v2\/media\/118313"}],"wp:attachment":[{"href":"https:\/\/autostil.ba\/maloprodaja\/wp-json\/wp\/v2\/media?parent=118312"}],"wp:term":[{"taxonomy":"product_brand","embeddable":true,"href":"https:\/\/autostil.ba\/maloprodaja\/wp-json\/wp\/v2\/product_brand?post=118312"},{"taxonomy":"product_cat","embeddable":true,"href":"https:\/\/autostil.ba\/maloprodaja\/wp-json\/wp\/v2\/product_cat?post=118312"},{"taxonomy":"product_tag","embeddable":true,"href":"https:\/\/autostil.ba\/maloprodaja\/wp-json\/wp\/v2\/product_tag?post=118312"}],"curies":[{"name":"wp","href":"https:\/\/api.w.org\/{rel}","templated":true}]}}