{"id":118302,"date":"2025-04-09T10:13:21","date_gmt":"2025-04-09T08:13:21","guid":{"rendered":"https:\/\/autostil.ba\/maloprodaja\/?post_type=product&#038;p=118302"},"modified":"2026-04-08T11:45:47","modified_gmt":"2026-04-08T09:45:47","slug":"sonax-odstranjivac-ljepila","status":"publish","type":"product","link":"https:\/\/autostil.ba\/maloprodaja\/proizvod\/7019\/sonax-odstranjivac-ljepila\/","title":{"rendered":"SONAX ODSTRANJIVA\u010c LJEPILA"},"content":{"rendered":"","protected":false},"excerpt":{"rendered":"<p>SONAX ODSTRANJIVA\u010c LJEPILA Specijalno otapalo za brzo uklanjanje ostataka ljepila (bez folija, naljepnica itd.) i naljepnica na papiru. Mo\u017ee se sigurno koristiti na svim tvrdim povr\u0161inama kao \u0161to su lak, metal, staklo, plastika, porculan i drvo. Dvostruki sistem za prskanje za ciljano i ravno nano\u0161enje proizvoda bez ponovnog postavljanja.<\/p>\n","protected":false},"featured_media":793045665,"comment_status":"open","ping_status":"closed","template":"","meta":{"_acf_changed":false,"inline_featured_image":false},"product_brand":[],"product_cat":[164],"product_tag":[],"class_list":{"0":"post-118302","1":"product","2":"type-product","3":"status-publish","4":"has-post-thumbnail","6":"product_cat-car-detailing","8":"first","9":"instock","10":"taxable","11":"shipping-taxable","12":"purchasable","13":"product-type-simple"},"acf":[],"custom_product_id":"7019","_links":{"self":[{"href":"https:\/\/autostil.ba\/maloprodaja\/wp-json\/wp\/v2\/product\/118302","targetHints":{"allow":["GET"]}}],"collection":[{"href":"https:\/\/autostil.ba\/maloprodaja\/wp-json\/wp\/v2\/product"}],"about":[{"href":"https:\/\/autostil.ba\/maloprodaja\/wp-json\/wp\/v2\/types\/product"}],"replies":[{"embeddable":true,"href":"https:\/\/autostil.ba\/maloprodaja\/wp-json\/wp\/v2\/comments?post=118302"}],"version-history":[{"count":1,"href":"https:\/\/autostil.ba\/maloprodaja\/wp-json\/wp\/v2\/product\/118302\/revisions"}],"predecessor-version":[{"id":118304,"href":"https:\/\/autostil.ba\/maloprodaja\/wp-json\/wp\/v2\/product\/118302\/revisions\/118304"}],"wp:featuredmedia":[{"embeddable":true,"href":"https:\/\/autostil.ba\/maloprodaja\/wp-json\/wp\/v2\/media\/793045665"}],"wp:attachment":[{"href":"https:\/\/autostil.ba\/maloprodaja\/wp-json\/wp\/v2\/media?parent=118302"}],"wp:term":[{"taxonomy":"product_brand","embeddable":true,"href":"https:\/\/autostil.ba\/maloprodaja\/wp-json\/wp\/v2\/product_brand?post=118302"},{"taxonomy":"product_cat","embeddable":true,"href":"https:\/\/autostil.ba\/maloprodaja\/wp-json\/wp\/v2\/product_cat?post=118302"},{"taxonomy":"product_tag","embeddable":true,"href":"https:\/\/autostil.ba\/maloprodaja\/wp-json\/wp\/v2\/product_tag?post=118302"}],"curies":[{"name":"wp","href":"https:\/\/api.w.org\/{rel}","templated":true}]}}