{"id":118292,"date":"2025-09-12T12:15:20","date_gmt":"2025-09-12T10:15:20","guid":{"rendered":"https:\/\/autostil.ba\/maloprodaja\/?post_type=product&#038;p=118292"},"modified":"2026-04-08T11:45:47","modified_gmt":"2026-04-08T09:45:47","slug":"sonax-stik-protiv-smrzavanja-kedera","status":"publish","type":"product","link":"https:\/\/autostil.ba\/maloprodaja\/proizvod\/8924\/sonax-stik-protiv-smrzavanja-kedera\/","title":{"rendered":"SONAX STIK PROTIV SMRZAVANJA KEDERA"},"content":{"rendered":"","protected":false},"excerpt":{"rendered":"<p>SONAX STIK PROTIV SMRZAVANJA KEDERA Spre\u010dava da se gumene brtve zimi zalijepe za vrata, prozore i poklopce prtlja\u017enika. Odr\u017eava gumu, odr\u017eava je elasti\u010dnom i \u0161titi od toga da postane krhka. Za auto i doma\u0107instvo. Sadr\u017ei vazelin i jelenski loj.<\/p>\n","protected":false},"featured_media":118293,"comment_status":"open","ping_status":"closed","template":"","meta":{"_acf_changed":false,"inline_featured_image":false},"product_brand":[],"product_cat":[182],"product_tag":[],"class_list":{"0":"post-118292","1":"product","2":"type-product","3":"status-publish","4":"has-post-thumbnail","6":"product_cat-sredstva-za-grijanje-odledivanje-i-sprijecavanje-smrzavanja","8":"first","9":"instock","10":"taxable","11":"shipping-taxable","12":"purchasable","13":"product-type-simple"},"acf":[],"custom_product_id":"8924","_links":{"self":[{"href":"https:\/\/autostil.ba\/maloprodaja\/wp-json\/wp\/v2\/product\/118292","targetHints":{"allow":["GET"]}}],"collection":[{"href":"https:\/\/autostil.ba\/maloprodaja\/wp-json\/wp\/v2\/product"}],"about":[{"href":"https:\/\/autostil.ba\/maloprodaja\/wp-json\/wp\/v2\/types\/product"}],"replies":[{"embeddable":true,"href":"https:\/\/autostil.ba\/maloprodaja\/wp-json\/wp\/v2\/comments?post=118292"}],"version-history":[{"count":1,"href":"https:\/\/autostil.ba\/maloprodaja\/wp-json\/wp\/v2\/product\/118292\/revisions"}],"predecessor-version":[{"id":118294,"href":"https:\/\/autostil.ba\/maloprodaja\/wp-json\/wp\/v2\/product\/118292\/revisions\/118294"}],"wp:featuredmedia":[{"embeddable":true,"href":"https:\/\/autostil.ba\/maloprodaja\/wp-json\/wp\/v2\/media\/118293"}],"wp:attachment":[{"href":"https:\/\/autostil.ba\/maloprodaja\/wp-json\/wp\/v2\/media?parent=118292"}],"wp:term":[{"taxonomy":"product_brand","embeddable":true,"href":"https:\/\/autostil.ba\/maloprodaja\/wp-json\/wp\/v2\/product_brand?post=118292"},{"taxonomy":"product_cat","embeddable":true,"href":"https:\/\/autostil.ba\/maloprodaja\/wp-json\/wp\/v2\/product_cat?post=118292"},{"taxonomy":"product_tag","embeddable":true,"href":"https:\/\/autostil.ba\/maloprodaja\/wp-json\/wp\/v2\/product_tag?post=118292"}],"curies":[{"name":"wp","href":"https:\/\/api.w.org\/{rel}","templated":true}]}}