{"id":118272,"date":"2026-01-19T15:01:20","date_gmt":"2026-01-19T13:01:20","guid":{"rendered":"https:\/\/autostil.ba\/maloprodaja\/?post_type=product&#038;p=118272"},"modified":"2026-04-08T11:45:47","modified_gmt":"2026-04-08T09:45:47","slug":"sonax-multistar-koncentrat-1l","status":"publish","type":"product","link":"https:\/\/autostil.ba\/maloprodaja\/proizvod\/10944\/sonax-multistar-koncentrat-1l\/","title":{"rendered":"SONAX MULTISTAR KONCENTRAT 1l"},"content":{"rendered":"","protected":false},"excerpt":{"rendered":"<p>SONAX MULTISTAR KONCENTRAT 1l; Vrlo u\u010dinkovit, vi\u0161enamjenski \u010dista\u010d za sve dijelove automobila. Kombinacija mikroaktivnog surfaktanta osigurava maksimalnu snagu \u010di\u0161\u0107enja s visokom kompatibilno\u0161\u0107u materijala. Za sve radove \u010di\u0161\u0107enja na unutarnjim i vanjskim povr\u0161inama vozila. S ugodno svje\u017eim mirisom.<\/p>\n<p>Primjeri koncentracije: 1:3 \u2013 pranje motora i felgi, 1:5 do 1: 10 \u2013 Vanjsko pranje automobila, 1:10 do 1:30 Unutarnje pranje automobila (dubinsko \u010di\u0161\u0107enje)<\/p>\n","protected":false},"featured_media":118273,"comment_status":"open","ping_status":"closed","template":"","meta":{"_acf_changed":false,"inline_featured_image":false},"product_brand":[],"product_cat":[164],"product_tag":[],"class_list":{"0":"post-118272","1":"product","2":"type-product","3":"status-publish","4":"has-post-thumbnail","6":"product_cat-car-detailing","8":"first","9":"instock","10":"taxable","11":"shipping-taxable","12":"purchasable","13":"product-type-simple"},"acf":[],"custom_product_id":"10944","_links":{"self":[{"href":"https:\/\/autostil.ba\/maloprodaja\/wp-json\/wp\/v2\/product\/118272","targetHints":{"allow":["GET"]}}],"collection":[{"href":"https:\/\/autostil.ba\/maloprodaja\/wp-json\/wp\/v2\/product"}],"about":[{"href":"https:\/\/autostil.ba\/maloprodaja\/wp-json\/wp\/v2\/types\/product"}],"replies":[{"embeddable":true,"href":"https:\/\/autostil.ba\/maloprodaja\/wp-json\/wp\/v2\/comments?post=118272"}],"version-history":[{"count":1,"href":"https:\/\/autostil.ba\/maloprodaja\/wp-json\/wp\/v2\/product\/118272\/revisions"}],"predecessor-version":[{"id":118274,"href":"https:\/\/autostil.ba\/maloprodaja\/wp-json\/wp\/v2\/product\/118272\/revisions\/118274"}],"wp:featuredmedia":[{"embeddable":true,"href":"https:\/\/autostil.ba\/maloprodaja\/wp-json\/wp\/v2\/media\/118273"}],"wp:attachment":[{"href":"https:\/\/autostil.ba\/maloprodaja\/wp-json\/wp\/v2\/media?parent=118272"}],"wp:term":[{"taxonomy":"product_brand","embeddable":true,"href":"https:\/\/autostil.ba\/maloprodaja\/wp-json\/wp\/v2\/product_brand?post=118272"},{"taxonomy":"product_cat","embeddable":true,"href":"https:\/\/autostil.ba\/maloprodaja\/wp-json\/wp\/v2\/product_cat?post=118272"},{"taxonomy":"product_tag","embeddable":true,"href":"https:\/\/autostil.ba\/maloprodaja\/wp-json\/wp\/v2\/product_tag?post=118272"}],"curies":[{"name":"wp","href":"https:\/\/api.w.org\/{rel}","templated":true}]}}