{"id":118262,"date":"2024-07-18T08:14:19","date_gmt":"2024-07-18T06:14:19","guid":{"rendered":"https:\/\/autostil.ba\/maloprodaja\/?post_type=product&#038;p=118262"},"modified":"2026-04-30T07:58:12","modified_gmt":"2026-04-30T05:58:12","slug":"liqui-moly-aditiv-za-ciscenje-ventila-150ml","status":"publish","type":"product","link":"https:\/\/autostil.ba\/maloprodaja\/proizvod\/125\/liqui-moly-aditiv-za-ciscenje-ventila-150ml\/","title":{"rendered":"LIQUI MOLY ADITIV ZA \u010cI\u0160\u0106ENJE VENTILA 150ml"},"content":{"rendered":"","protected":false},"excerpt":{"rendered":"<p>LIQUI MOLY ADITIV ZA \u010cI\u0160\u0106ENJE VENTILA 150ml \u010cista\u010d ventila je kombinacija aktivnih sredstava bez pepela, bez mije\u0161anja, formulisana prema najnovijim aditivima, gorivima i motornim tehnologijama i posebno razvijena da ispuni zahtjeve dana\u0161njih motora, goriva i radnih uslova.<\/p>\n","protected":false},"featured_media":118263,"comment_status":"open","ping_status":"closed","template":"","meta":{"_acf_changed":false,"inline_featured_image":false},"product_brand":[],"product_cat":[69],"product_tag":[],"class_list":{"0":"post-118262","1":"product","2":"type-product","3":"status-publish","4":"has-post-thumbnail","6":"product_cat-aditivi","8":"first","9":"instock","10":"taxable","11":"shipping-taxable","12":"purchasable","13":"product-type-simple"},"acf":[],"custom_product_id":"125","_links":{"self":[{"href":"https:\/\/autostil.ba\/maloprodaja\/wp-json\/wp\/v2\/product\/118262","targetHints":{"allow":["GET"]}}],"collection":[{"href":"https:\/\/autostil.ba\/maloprodaja\/wp-json\/wp\/v2\/product"}],"about":[{"href":"https:\/\/autostil.ba\/maloprodaja\/wp-json\/wp\/v2\/types\/product"}],"replies":[{"embeddable":true,"href":"https:\/\/autostil.ba\/maloprodaja\/wp-json\/wp\/v2\/comments?post=118262"}],"version-history":[{"count":2,"href":"https:\/\/autostil.ba\/maloprodaja\/wp-json\/wp\/v2\/product\/118262\/revisions"}],"predecessor-version":[{"id":793044882,"href":"https:\/\/autostil.ba\/maloprodaja\/wp-json\/wp\/v2\/product\/118262\/revisions\/793044882"}],"wp:featuredmedia":[{"embeddable":true,"href":"https:\/\/autostil.ba\/maloprodaja\/wp-json\/wp\/v2\/media\/118263"}],"wp:attachment":[{"href":"https:\/\/autostil.ba\/maloprodaja\/wp-json\/wp\/v2\/media?parent=118262"}],"wp:term":[{"taxonomy":"product_brand","embeddable":true,"href":"https:\/\/autostil.ba\/maloprodaja\/wp-json\/wp\/v2\/product_brand?post=118262"},{"taxonomy":"product_cat","embeddable":true,"href":"https:\/\/autostil.ba\/maloprodaja\/wp-json\/wp\/v2\/product_cat?post=118262"},{"taxonomy":"product_tag","embeddable":true,"href":"https:\/\/autostil.ba\/maloprodaja\/wp-json\/wp\/v2\/product_tag?post=118262"}],"curies":[{"name":"wp","href":"https:\/\/api.w.org\/{rel}","templated":true}]}}