{"id":118252,"date":"2024-07-18T08:14:19","date_gmt":"2024-07-18T06:14:19","guid":{"rendered":"https:\/\/autostil.ba\/maloprodaja\/?post_type=product&#038;p=118252"},"modified":"2026-04-28T17:58:16","modified_gmt":"2026-04-28T15:58:16","slug":"liqui-moly-sprej-za-njegu-kabrio-krovova-400ml","status":"publish","type":"product","link":"https:\/\/autostil.ba\/maloprodaja\/proizvod\/7017\/liqui-moly-sprej-za-njegu-kabrio-krovova-400ml\/","title":{"rendered":"LIQUI MOLY SPREJ ZA NJEGU KABRIO KROVOVA 400ml"},"content":{"rendered":"","protected":false},"excerpt":{"rendered":"<p>LIQUI MOLY SPREJ ZA NJEGU KABRIO KROVOVA 400ml  Sprej za njegu kabrio krovova \u0161titi tekstil od prodora vode, sprje\u010dava mrlje, odbija te\u010dnosti. Impregniran i bez silikona.<\/p>\n","protected":false},"featured_media":118253,"comment_status":"open","ping_status":"closed","template":"","meta":{"_acf_changed":false,"inline_featured_image":false},"product_brand":[],"product_cat":[164],"product_tag":[],"class_list":{"0":"post-118252","1":"product","2":"type-product","3":"status-publish","4":"has-post-thumbnail","6":"product_cat-car-detailing","8":"first","9":"instock","10":"taxable","11":"shipping-taxable","12":"purchasable","13":"product-type-simple"},"acf":[],"custom_product_id":"7017","_links":{"self":[{"href":"https:\/\/autostil.ba\/maloprodaja\/wp-json\/wp\/v2\/product\/118252","targetHints":{"allow":["GET"]}}],"collection":[{"href":"https:\/\/autostil.ba\/maloprodaja\/wp-json\/wp\/v2\/product"}],"about":[{"href":"https:\/\/autostil.ba\/maloprodaja\/wp-json\/wp\/v2\/types\/product"}],"replies":[{"embeddable":true,"href":"https:\/\/autostil.ba\/maloprodaja\/wp-json\/wp\/v2\/comments?post=118252"}],"version-history":[{"count":1,"href":"https:\/\/autostil.ba\/maloprodaja\/wp-json\/wp\/v2\/product\/118252\/revisions"}],"predecessor-version":[{"id":118254,"href":"https:\/\/autostil.ba\/maloprodaja\/wp-json\/wp\/v2\/product\/118252\/revisions\/118254"}],"wp:featuredmedia":[{"embeddable":true,"href":"https:\/\/autostil.ba\/maloprodaja\/wp-json\/wp\/v2\/media\/118253"}],"wp:attachment":[{"href":"https:\/\/autostil.ba\/maloprodaja\/wp-json\/wp\/v2\/media?parent=118252"}],"wp:term":[{"taxonomy":"product_brand","embeddable":true,"href":"https:\/\/autostil.ba\/maloprodaja\/wp-json\/wp\/v2\/product_brand?post=118252"},{"taxonomy":"product_cat","embeddable":true,"href":"https:\/\/autostil.ba\/maloprodaja\/wp-json\/wp\/v2\/product_cat?post=118252"},{"taxonomy":"product_tag","embeddable":true,"href":"https:\/\/autostil.ba\/maloprodaja\/wp-json\/wp\/v2\/product_tag?post=118252"}],"curies":[{"name":"wp","href":"https:\/\/api.w.org\/{rel}","templated":true}]}}