{"id":118232,"date":"2024-07-18T08:14:18","date_gmt":"2024-07-18T06:14:18","guid":{"rendered":"https:\/\/autostil.ba\/maloprodaja\/?post_type=product&#038;p=118232"},"modified":"2026-04-08T11:45:42","modified_gmt":"2026-04-08T09:45:42","slug":"liqui-moly-aditiv-za-smanjenje-potrosnje-ulja-300ml","status":"publish","type":"product","link":"https:\/\/autostil.ba\/maloprodaja\/proizvod\/1969\/liqui-moly-aditiv-za-smanjenje-potrosnje-ulja-300ml\/","title":{"rendered":"LIQUI MOLY ADITIV ZA SMANJENJE POTRO\u0160NJE ULJA 300ml"},"content":{"rendered":"","protected":false},"excerpt":{"rendered":"<p>Smanjuje tro\u0161enje ulja. Stabilizira viskozitet ulja i pridonosi konstantnoj vrijednosti pritiska ulja. Visco Stable tako\u0111e nudi izvanrednu za\u0161titu od mehani\u010dkog taljenja motornog ulja koje nastaje prilikom izuzetno te\u0161kih radnih uslova. Tako\u0111e sprje\u010dava tanjenje motornog ulja u slu\u010dajevima kada se motor \u010desto pokre\u0107e hladan. Potro\u0161nja ulja je smanjena zbog pobolj\u0161anog brtvljenja svih pokretnih komponenti motora. Iz ovog razloga ovaj je proizvod izuzetno pogodan za upotrebu kod starijih automobila. Smanjuje buku koja nastaje prilikom rada hidrauli\u010dkih podiza\u010da. Potpuno kompatibilan sa svim mineralnim i sinteti\u010dkim motornim uljima za benzinske i dizel motore.<\/p>\n","protected":false},"featured_media":118233,"comment_status":"open","ping_status":"closed","template":"","meta":{"_acf_changed":false,"inline_featured_image":false},"product_brand":[],"product_cat":[69],"product_tag":[],"class_list":{"0":"post-118232","1":"product","2":"type-product","3":"status-publish","4":"has-post-thumbnail","6":"product_cat-aditivi","8":"first","9":"instock","10":"taxable","11":"shipping-taxable","12":"purchasable","13":"product-type-simple"},"acf":[],"custom_product_id":"1969","_links":{"self":[{"href":"https:\/\/autostil.ba\/maloprodaja\/wp-json\/wp\/v2\/product\/118232","targetHints":{"allow":["GET"]}}],"collection":[{"href":"https:\/\/autostil.ba\/maloprodaja\/wp-json\/wp\/v2\/product"}],"about":[{"href":"https:\/\/autostil.ba\/maloprodaja\/wp-json\/wp\/v2\/types\/product"}],"replies":[{"embeddable":true,"href":"https:\/\/autostil.ba\/maloprodaja\/wp-json\/wp\/v2\/comments?post=118232"}],"version-history":[{"count":1,"href":"https:\/\/autostil.ba\/maloprodaja\/wp-json\/wp\/v2\/product\/118232\/revisions"}],"predecessor-version":[{"id":118234,"href":"https:\/\/autostil.ba\/maloprodaja\/wp-json\/wp\/v2\/product\/118232\/revisions\/118234"}],"wp:featuredmedia":[{"embeddable":true,"href":"https:\/\/autostil.ba\/maloprodaja\/wp-json\/wp\/v2\/media\/118233"}],"wp:attachment":[{"href":"https:\/\/autostil.ba\/maloprodaja\/wp-json\/wp\/v2\/media?parent=118232"}],"wp:term":[{"taxonomy":"product_brand","embeddable":true,"href":"https:\/\/autostil.ba\/maloprodaja\/wp-json\/wp\/v2\/product_brand?post=118232"},{"taxonomy":"product_cat","embeddable":true,"href":"https:\/\/autostil.ba\/maloprodaja\/wp-json\/wp\/v2\/product_cat?post=118232"},{"taxonomy":"product_tag","embeddable":true,"href":"https:\/\/autostil.ba\/maloprodaja\/wp-json\/wp\/v2\/product_tag?post=118232"}],"curies":[{"name":"wp","href":"https:\/\/api.w.org\/{rel}","templated":true}]}}