{"id":118212,"date":"2024-07-18T08:14:17","date_gmt":"2024-07-18T06:14:17","guid":{"rendered":"https:\/\/autostil.ba\/maloprodaja\/?post_type=product&#038;p=118212"},"modified":"2026-05-01T13:58:17","modified_gmt":"2026-05-01T11:58:17","slug":"liqui-moly-aditiv-za-zastitu-dpf-filtera-250ml","status":"publish","type":"product","link":"https:\/\/autostil.ba\/maloprodaja\/proizvod\/7242\/liqui-moly-aditiv-za-zastitu-dpf-filtera-250ml\/","title":{"rendered":"LIQUI MOLY ADITIV ZA ZA\u0160TITU DPF FILTERA 250ml"},"content":{"rendered":"","protected":false},"excerpt":{"rendered":"<p>LIQUI MOLY ADITIV ZA ZA\u0160TITU DPF FILTERA 250ml  Visoko u\u010dinkovit aditiv koji smanjuje nakupljanje \u010destica i time produ\u017euje radni vijek DPF filtera. Vozila koja se koriste za kratka putovanja i gradski saobra\u0107aj posebno su pogo\u0111ena problemima s za\u010depljenim DPF filterom. Redovnom upotrebom Liqui Moly Aditiva za za\u0161titu DPF filtera izbjegavaju se problemi sa DPF filterom. Za\u0161tita filtera \u010destica osigurava optimalno izgaranje goriva i smanjuje nakupljanje \u010destica. To tako\u0111e doprinosi smanjenju emisija.  Jedna doza je dovoljna za 50 litara goriva.<\/p>\n","protected":false},"featured_media":118213,"comment_status":"open","ping_status":"closed","template":"","meta":{"_acf_changed":false,"inline_featured_image":false},"product_brand":[],"product_cat":[69],"product_tag":[],"class_list":{"0":"post-118212","1":"product","2":"type-product","3":"status-publish","4":"has-post-thumbnail","6":"product_cat-aditivi","8":"first","9":"instock","10":"taxable","11":"shipping-taxable","12":"purchasable","13":"product-type-simple"},"acf":[],"custom_product_id":"7242","_links":{"self":[{"href":"https:\/\/autostil.ba\/maloprodaja\/wp-json\/wp\/v2\/product\/118212","targetHints":{"allow":["GET"]}}],"collection":[{"href":"https:\/\/autostil.ba\/maloprodaja\/wp-json\/wp\/v2\/product"}],"about":[{"href":"https:\/\/autostil.ba\/maloprodaja\/wp-json\/wp\/v2\/types\/product"}],"replies":[{"embeddable":true,"href":"https:\/\/autostil.ba\/maloprodaja\/wp-json\/wp\/v2\/comments?post=118212"}],"version-history":[{"count":1,"href":"https:\/\/autostil.ba\/maloprodaja\/wp-json\/wp\/v2\/product\/118212\/revisions"}],"predecessor-version":[{"id":118214,"href":"https:\/\/autostil.ba\/maloprodaja\/wp-json\/wp\/v2\/product\/118212\/revisions\/118214"}],"wp:featuredmedia":[{"embeddable":true,"href":"https:\/\/autostil.ba\/maloprodaja\/wp-json\/wp\/v2\/media\/118213"}],"wp:attachment":[{"href":"https:\/\/autostil.ba\/maloprodaja\/wp-json\/wp\/v2\/media?parent=118212"}],"wp:term":[{"taxonomy":"product_brand","embeddable":true,"href":"https:\/\/autostil.ba\/maloprodaja\/wp-json\/wp\/v2\/product_brand?post=118212"},{"taxonomy":"product_cat","embeddable":true,"href":"https:\/\/autostil.ba\/maloprodaja\/wp-json\/wp\/v2\/product_cat?post=118212"},{"taxonomy":"product_tag","embeddable":true,"href":"https:\/\/autostil.ba\/maloprodaja\/wp-json\/wp\/v2\/product_tag?post=118212"}],"curies":[{"name":"wp","href":"https:\/\/api.w.org\/{rel}","templated":true}]}}