{"id":118202,"date":"2024-07-18T08:14:16","date_gmt":"2024-07-18T06:14:16","guid":{"rendered":"https:\/\/autostil.ba\/maloprodaja\/?post_type=product&#038;p=118202"},"modified":"2026-04-08T11:45:42","modified_gmt":"2026-04-08T09:45:42","slug":"liqui-moly-aditiv-za-smanjenje-dima-kod-dizel-motora","status":"publish","type":"product","link":"https:\/\/autostil.ba\/maloprodaja\/proizvod\/11679\/liqui-moly-aditiv-za-smanjenje-dima-kod-dizel-motora\/","title":{"rendered":"LIQUI MOLY ADITIV ZA SMANJENJE DIMA KOD DIZEL MOTORA"},"content":{"rendered":"","protected":false},"excerpt":{"rendered":"<p>Ubrzava sagorevanje \u010da\u0111i i smanjuje dim iz izduvnih gasova. Smanjuje emisije i neugodne mirise. Potpuno efikasan odmah nakon dodavanja. \u010cisti sistem ubrizgavanja dizela i \u010dini da motor radi glatko. Optimizira vrijednosti ispitivanja emisije.<\/p>\n","protected":false},"featured_media":118203,"comment_status":"open","ping_status":"closed","template":"","meta":{"_acf_changed":false,"inline_featured_image":false},"product_brand":[],"product_cat":[69],"product_tag":[],"class_list":{"0":"post-118202","1":"product","2":"type-product","3":"status-publish","4":"has-post-thumbnail","6":"product_cat-aditivi","8":"first","9":"instock","10":"taxable","11":"shipping-taxable","12":"purchasable","13":"product-type-simple"},"acf":[],"custom_product_id":"11679","_links":{"self":[{"href":"https:\/\/autostil.ba\/maloprodaja\/wp-json\/wp\/v2\/product\/118202","targetHints":{"allow":["GET"]}}],"collection":[{"href":"https:\/\/autostil.ba\/maloprodaja\/wp-json\/wp\/v2\/product"}],"about":[{"href":"https:\/\/autostil.ba\/maloprodaja\/wp-json\/wp\/v2\/types\/product"}],"replies":[{"embeddable":true,"href":"https:\/\/autostil.ba\/maloprodaja\/wp-json\/wp\/v2\/comments?post=118202"}],"version-history":[{"count":1,"href":"https:\/\/autostil.ba\/maloprodaja\/wp-json\/wp\/v2\/product\/118202\/revisions"}],"predecessor-version":[{"id":118204,"href":"https:\/\/autostil.ba\/maloprodaja\/wp-json\/wp\/v2\/product\/118202\/revisions\/118204"}],"wp:featuredmedia":[{"embeddable":true,"href":"https:\/\/autostil.ba\/maloprodaja\/wp-json\/wp\/v2\/media\/118203"}],"wp:attachment":[{"href":"https:\/\/autostil.ba\/maloprodaja\/wp-json\/wp\/v2\/media?parent=118202"}],"wp:term":[{"taxonomy":"product_brand","embeddable":true,"href":"https:\/\/autostil.ba\/maloprodaja\/wp-json\/wp\/v2\/product_brand?post=118202"},{"taxonomy":"product_cat","embeddable":true,"href":"https:\/\/autostil.ba\/maloprodaja\/wp-json\/wp\/v2\/product_cat?post=118202"},{"taxonomy":"product_tag","embeddable":true,"href":"https:\/\/autostil.ba\/maloprodaja\/wp-json\/wp\/v2\/product_tag?post=118202"}],"curies":[{"name":"wp","href":"https:\/\/api.w.org\/{rel}","templated":true}]}}