{"id":118192,"date":"2025-03-27T10:52:16","date_gmt":"2025-03-27T08:52:16","guid":{"rendered":"https:\/\/autostil.ba\/maloprodaja\/?post_type=product&#038;p=118192"},"modified":"2026-04-08T11:45:41","modified_gmt":"2026-04-08T09:45:41","slug":"liqui-moly-aditiv-za-hidropodizace-300ml","status":"publish","type":"product","link":"https:\/\/autostil.ba\/maloprodaja\/proizvod\/7018\/liqui-moly-aditiv-za-hidropodizace-300ml\/","title":{"rendered":"LIQUI MOLY ADITIV ZA HIDROPODIZA\u010cE 300ml"},"content":{"rendered":"","protected":false},"excerpt":{"rendered":"<p>Smanjuje buku koja nastaje kada su hidrauli\u010dni podiza\u010di istro\u0161eni. \u010cisti ventile i otvore na podiza\u010dima i doprinosi optimalnom radu motora.<br \/>\nDodaje se svim motornim uljima kako za benzinske tako i za diesel motore, sa ili bez turbo punja\u010da.<br \/>\nKompatibilan je sa katalizatorima. Mo\u017ee se mije\u0161ati sa svim motornim uljima koja se nalaze na tr\u017ei\u0161tu.<\/p>\n","protected":false},"featured_media":118193,"comment_status":"open","ping_status":"closed","template":"","meta":{"_acf_changed":false,"inline_featured_image":false},"product_brand":[],"product_cat":[69],"product_tag":[],"class_list":{"0":"post-118192","1":"product","2":"type-product","3":"status-publish","4":"has-post-thumbnail","6":"product_cat-aditivi","8":"first","9":"instock","10":"taxable","11":"shipping-taxable","12":"purchasable","13":"product-type-simple"},"acf":[],"custom_product_id":"7018","_links":{"self":[{"href":"https:\/\/autostil.ba\/maloprodaja\/wp-json\/wp\/v2\/product\/118192","targetHints":{"allow":["GET"]}}],"collection":[{"href":"https:\/\/autostil.ba\/maloprodaja\/wp-json\/wp\/v2\/product"}],"about":[{"href":"https:\/\/autostil.ba\/maloprodaja\/wp-json\/wp\/v2\/types\/product"}],"replies":[{"embeddable":true,"href":"https:\/\/autostil.ba\/maloprodaja\/wp-json\/wp\/v2\/comments?post=118192"}],"version-history":[{"count":1,"href":"https:\/\/autostil.ba\/maloprodaja\/wp-json\/wp\/v2\/product\/118192\/revisions"}],"predecessor-version":[{"id":118194,"href":"https:\/\/autostil.ba\/maloprodaja\/wp-json\/wp\/v2\/product\/118192\/revisions\/118194"}],"wp:featuredmedia":[{"embeddable":true,"href":"https:\/\/autostil.ba\/maloprodaja\/wp-json\/wp\/v2\/media\/118193"}],"wp:attachment":[{"href":"https:\/\/autostil.ba\/maloprodaja\/wp-json\/wp\/v2\/media?parent=118192"}],"wp:term":[{"taxonomy":"product_brand","embeddable":true,"href":"https:\/\/autostil.ba\/maloprodaja\/wp-json\/wp\/v2\/product_brand?post=118192"},{"taxonomy":"product_cat","embeddable":true,"href":"https:\/\/autostil.ba\/maloprodaja\/wp-json\/wp\/v2\/product_cat?post=118192"},{"taxonomy":"product_tag","embeddable":true,"href":"https:\/\/autostil.ba\/maloprodaja\/wp-json\/wp\/v2\/product_tag?post=118192"}],"curies":[{"name":"wp","href":"https:\/\/api.w.org\/{rel}","templated":true}]}}