{"id":118182,"date":"2024-07-18T08:14:16","date_gmt":"2024-07-18T06:14:16","guid":{"rendered":"https:\/\/autostil.ba\/maloprodaja\/?post_type=product&#038;p=118182"},"modified":"2026-04-08T11:45:41","modified_gmt":"2026-04-08T09:45:41","slug":"liqui-moly-aditiv-za-common-rail-motore-250ml","status":"publish","type":"product","link":"https:\/\/autostil.ba\/maloprodaja\/proizvod\/6215\/liqui-moly-aditiv-za-common-rail-motore-250ml\/","title":{"rendered":"LIQUI MOLY ADITIV ZA COMMON RAIL MOTORE 250ml"},"content":{"rendered":"","protected":false},"excerpt":{"rendered":"<p>\u0160titi komponente sistema za gorivo, posebno sistema tipa Common Rail Diesel, od tro\u0161enja, korozije i nastanka taloga. Pobolj\u0161ava mazivna svojstva diesel goriva.<\/p>\n<p>Proizvod je namijenjen za sve vrste diesel motora sa Common Rail sistemom ubrizgavanja. Sadr\u017eaj pakovanja treba uliti u spremnik goriva prilikom punjenja goriva.<\/p>\n","protected":false},"featured_media":118183,"comment_status":"open","ping_status":"closed","template":"","meta":{"_acf_changed":false,"inline_featured_image":false},"product_brand":[],"product_cat":[69],"product_tag":[],"class_list":{"0":"post-118182","1":"product","2":"type-product","3":"status-publish","4":"has-post-thumbnail","6":"product_cat-aditivi","8":"first","9":"instock","10":"taxable","11":"shipping-taxable","12":"purchasable","13":"product-type-simple"},"acf":[],"custom_product_id":"6215","_links":{"self":[{"href":"https:\/\/autostil.ba\/maloprodaja\/wp-json\/wp\/v2\/product\/118182","targetHints":{"allow":["GET"]}}],"collection":[{"href":"https:\/\/autostil.ba\/maloprodaja\/wp-json\/wp\/v2\/product"}],"about":[{"href":"https:\/\/autostil.ba\/maloprodaja\/wp-json\/wp\/v2\/types\/product"}],"replies":[{"embeddable":true,"href":"https:\/\/autostil.ba\/maloprodaja\/wp-json\/wp\/v2\/comments?post=118182"}],"version-history":[{"count":1,"href":"https:\/\/autostil.ba\/maloprodaja\/wp-json\/wp\/v2\/product\/118182\/revisions"}],"predecessor-version":[{"id":118184,"href":"https:\/\/autostil.ba\/maloprodaja\/wp-json\/wp\/v2\/product\/118182\/revisions\/118184"}],"wp:featuredmedia":[{"embeddable":true,"href":"https:\/\/autostil.ba\/maloprodaja\/wp-json\/wp\/v2\/media\/118183"}],"wp:attachment":[{"href":"https:\/\/autostil.ba\/maloprodaja\/wp-json\/wp\/v2\/media?parent=118182"}],"wp:term":[{"taxonomy":"product_brand","embeddable":true,"href":"https:\/\/autostil.ba\/maloprodaja\/wp-json\/wp\/v2\/product_brand?post=118182"},{"taxonomy":"product_cat","embeddable":true,"href":"https:\/\/autostil.ba\/maloprodaja\/wp-json\/wp\/v2\/product_cat?post=118182"},{"taxonomy":"product_tag","embeddable":true,"href":"https:\/\/autostil.ba\/maloprodaja\/wp-json\/wp\/v2\/product_tag?post=118182"}],"curies":[{"name":"wp","href":"https:\/\/api.w.org\/{rel}","templated":true}]}}