{"id":118152,"date":"2025-06-13T14:52:15","date_gmt":"2025-06-13T12:52:15","guid":{"rendered":"https:\/\/autostil.ba\/maloprodaja\/?post_type=product&#038;p=118152"},"modified":"2026-04-30T09:58:41","modified_gmt":"2026-04-30T07:58:41","slug":"liqui-moly-adtiv-za-ciscenje-hladnjaka-300ml","status":"publish","type":"product","link":"https:\/\/autostil.ba\/maloprodaja\/proizvod\/132\/liqui-moly-adtiv-za-ciscenje-hladnjaka-300ml\/","title":{"rendered":"LIQUI MOLY ADTIV ZA \u010cI\u0160\u0106ENJE HLADNJAKA 300ml"},"content":{"rendered":"","protected":false},"excerpt":{"rendered":"<p>Koncentrat posebno razvijen za rashladne sisteme uop\u0161teno ali posebno one u motornim vozilima. Rastvara zaga\u0111iva\u010de koji sadr\u017ee ulje i vapno u hladnjacima, sistemima grijanja, vodovima i motorima. Moderna formula koja sadr\u017ei komplekse sa aktivnim sredstvima za \u010di\u0161\u0107enje.<\/p>\n","protected":false},"featured_media":118153,"comment_status":"open","ping_status":"closed","template":"","meta":{"_acf_changed":false,"inline_featured_image":false},"product_brand":[],"product_cat":[69],"product_tag":[],"class_list":{"0":"post-118152","1":"product","2":"type-product","3":"status-publish","4":"has-post-thumbnail","6":"product_cat-aditivi","8":"first","9":"instock","10":"taxable","11":"shipping-taxable","12":"purchasable","13":"product-type-simple"},"acf":[],"custom_product_id":"132","_links":{"self":[{"href":"https:\/\/autostil.ba\/maloprodaja\/wp-json\/wp\/v2\/product\/118152","targetHints":{"allow":["GET"]}}],"collection":[{"href":"https:\/\/autostil.ba\/maloprodaja\/wp-json\/wp\/v2\/product"}],"about":[{"href":"https:\/\/autostil.ba\/maloprodaja\/wp-json\/wp\/v2\/types\/product"}],"replies":[{"embeddable":true,"href":"https:\/\/autostil.ba\/maloprodaja\/wp-json\/wp\/v2\/comments?post=118152"}],"version-history":[{"count":1,"href":"https:\/\/autostil.ba\/maloprodaja\/wp-json\/wp\/v2\/product\/118152\/revisions"}],"predecessor-version":[{"id":118154,"href":"https:\/\/autostil.ba\/maloprodaja\/wp-json\/wp\/v2\/product\/118152\/revisions\/118154"}],"wp:featuredmedia":[{"embeddable":true,"href":"https:\/\/autostil.ba\/maloprodaja\/wp-json\/wp\/v2\/media\/118153"}],"wp:attachment":[{"href":"https:\/\/autostil.ba\/maloprodaja\/wp-json\/wp\/v2\/media?parent=118152"}],"wp:term":[{"taxonomy":"product_brand","embeddable":true,"href":"https:\/\/autostil.ba\/maloprodaja\/wp-json\/wp\/v2\/product_brand?post=118152"},{"taxonomy":"product_cat","embeddable":true,"href":"https:\/\/autostil.ba\/maloprodaja\/wp-json\/wp\/v2\/product_cat?post=118152"},{"taxonomy":"product_tag","embeddable":true,"href":"https:\/\/autostil.ba\/maloprodaja\/wp-json\/wp\/v2\/product_tag?post=118152"}],"curies":[{"name":"wp","href":"https:\/\/api.w.org\/{rel}","templated":true}]}}