{"id":118142,"date":"2025-11-26T14:25:14","date_gmt":"2025-11-26T12:25:14","guid":{"rendered":"https:\/\/autostil.ba\/maloprodaja\/?post_type=product&#038;p=118142"},"modified":"2026-04-08T11:45:36","modified_gmt":"2026-04-08T09:45:36","slug":"liqui-moly-aditiv-protiv-curenja-hladnjaka-150ml","status":"publish","type":"product","link":"https:\/\/autostil.ba\/maloprodaja\/proizvod\/7286\/liqui-moly-aditiv-protiv-curenja-hladnjaka-150ml\/","title":{"rendered":"LIQUI MOLY ADITIV PROTIV CURENJA HLADNJAKA 150ml"},"content":{"rendered":"","protected":false},"excerpt":{"rendered":"<p>Manja curenja teku\u0107ine iz hladnjaka na spojevima ili si\u0107u\u0161nim pukotinama u sistemu hla\u0111enja nije lako locirati (jedino \u0161to se mo\u017ee zamijetiti je smanjena koli\u010dina rashladne teku\u0107ine u sistemu).<\/p>\n<p>Radiator Stop-Leak zatvara odmah i potpuno manje pukotine, \u010dime \u0161titi motor od pregrijavanja. Ovaj proizvod je kompatibilan sa svim teku\u0107inama koje se obi\u010dno koriste u rashladnim sistemima automobila, kao \u0161to su voda i razni antifrizi.<\/p>\n<p>Za sve vodene sisteme hla\u0111enja i grijanja, nezavisno o tome imaju li ugra\u0111en filter za vodu. Tako\u0111e, pogodno za aluminijumske i plasti\u010dne radijatore.<\/p>\n","protected":false},"featured_media":118143,"comment_status":"open","ping_status":"closed","template":"","meta":{"_acf_changed":false,"inline_featured_image":false},"product_brand":[],"product_cat":[69],"product_tag":[],"class_list":{"0":"post-118142","1":"product","2":"type-product","3":"status-publish","4":"has-post-thumbnail","6":"product_cat-aditivi","8":"first","9":"instock","10":"taxable","11":"shipping-taxable","12":"purchasable","13":"product-type-simple"},"acf":[],"custom_product_id":"7286","_links":{"self":[{"href":"https:\/\/autostil.ba\/maloprodaja\/wp-json\/wp\/v2\/product\/118142","targetHints":{"allow":["GET"]}}],"collection":[{"href":"https:\/\/autostil.ba\/maloprodaja\/wp-json\/wp\/v2\/product"}],"about":[{"href":"https:\/\/autostil.ba\/maloprodaja\/wp-json\/wp\/v2\/types\/product"}],"replies":[{"embeddable":true,"href":"https:\/\/autostil.ba\/maloprodaja\/wp-json\/wp\/v2\/comments?post=118142"}],"version-history":[{"count":1,"href":"https:\/\/autostil.ba\/maloprodaja\/wp-json\/wp\/v2\/product\/118142\/revisions"}],"predecessor-version":[{"id":118144,"href":"https:\/\/autostil.ba\/maloprodaja\/wp-json\/wp\/v2\/product\/118142\/revisions\/118144"}],"wp:featuredmedia":[{"embeddable":true,"href":"https:\/\/autostil.ba\/maloprodaja\/wp-json\/wp\/v2\/media\/118143"}],"wp:attachment":[{"href":"https:\/\/autostil.ba\/maloprodaja\/wp-json\/wp\/v2\/media?parent=118142"}],"wp:term":[{"taxonomy":"product_brand","embeddable":true,"href":"https:\/\/autostil.ba\/maloprodaja\/wp-json\/wp\/v2\/product_brand?post=118142"},{"taxonomy":"product_cat","embeddable":true,"href":"https:\/\/autostil.ba\/maloprodaja\/wp-json\/wp\/v2\/product_cat?post=118142"},{"taxonomy":"product_tag","embeddable":true,"href":"https:\/\/autostil.ba\/maloprodaja\/wp-json\/wp\/v2\/product_tag?post=118142"}],"curies":[{"name":"wp","href":"https:\/\/api.w.org\/{rel}","templated":true}]}}