{"id":118112,"date":"2025-10-15T09:09:13","date_gmt":"2025-10-15T07:09:13","guid":{"rendered":"https:\/\/autostil.ba\/maloprodaja\/?post_type=product&#038;p=118112"},"modified":"2026-04-08T11:45:35","modified_gmt":"2026-04-08T09:45:35","slug":"auto-presvlake-univerzalne-velur-11","status":"publish","type":"product","link":"https:\/\/autostil.ba\/maloprodaja\/proizvod\/396\/auto-presvlake-univerzalne-velur-11\/","title":{"rendered":"AUTO PRESVLAKE UNIVERZALNE VELUR 1+1"},"content":{"rendered":"","protected":false},"excerpt":{"rendered":"<p>SLIKA JE SIMBOLI\u010cNA !!<\/p>\n<p>NAMJENJENE ZA 2 ODVOJENA SJEDI\u0160TA. PRETE\u017dNO SE KORISTE ZA DOSTAVNA VOZILA KOJA IMAJU SAMO DVA SJEDI\u0160TA, ALI I ZA PUTNI\u010cKA VOZILA GDJE SE NAME\u0106U KAO RIJE\u0160ENJE SAMO ZA PREDNJA 2 SJEDI\u0160TA.<\/p>\n","protected":false},"featured_media":118113,"comment_status":"open","ping_status":"closed","template":"","meta":{"_acf_changed":false,"inline_featured_image":false},"product_brand":[],"product_cat":[35],"product_tag":[],"class_list":{"0":"post-118112","1":"product","2":"type-product","3":"status-publish","4":"has-post-thumbnail","6":"product_cat-auto-presvlake","8":"first","9":"instock","10":"taxable","11":"shipping-taxable","12":"purchasable","13":"product-type-simple"},"acf":[],"custom_product_id":"396","_links":{"self":[{"href":"https:\/\/autostil.ba\/maloprodaja\/wp-json\/wp\/v2\/product\/118112","targetHints":{"allow":["GET"]}}],"collection":[{"href":"https:\/\/autostil.ba\/maloprodaja\/wp-json\/wp\/v2\/product"}],"about":[{"href":"https:\/\/autostil.ba\/maloprodaja\/wp-json\/wp\/v2\/types\/product"}],"replies":[{"embeddable":true,"href":"https:\/\/autostil.ba\/maloprodaja\/wp-json\/wp\/v2\/comments?post=118112"}],"version-history":[{"count":2,"href":"https:\/\/autostil.ba\/maloprodaja\/wp-json\/wp\/v2\/product\/118112\/revisions"}],"predecessor-version":[{"id":793054739,"href":"https:\/\/autostil.ba\/maloprodaja\/wp-json\/wp\/v2\/product\/118112\/revisions\/793054739"}],"wp:featuredmedia":[{"embeddable":true,"href":"https:\/\/autostil.ba\/maloprodaja\/wp-json\/wp\/v2\/media\/118113"}],"wp:attachment":[{"href":"https:\/\/autostil.ba\/maloprodaja\/wp-json\/wp\/v2\/media?parent=118112"}],"wp:term":[{"taxonomy":"product_brand","embeddable":true,"href":"https:\/\/autostil.ba\/maloprodaja\/wp-json\/wp\/v2\/product_brand?post=118112"},{"taxonomy":"product_cat","embeddable":true,"href":"https:\/\/autostil.ba\/maloprodaja\/wp-json\/wp\/v2\/product_cat?post=118112"},{"taxonomy":"product_tag","embeddable":true,"href":"https:\/\/autostil.ba\/maloprodaja\/wp-json\/wp\/v2\/product_tag?post=118112"}],"curies":[{"name":"wp","href":"https:\/\/api.w.org\/{rel}","templated":true}]}}