{"id":118082,"date":"2024-07-18T08:14:11","date_gmt":"2024-07-18T06:14:11","guid":{"rendered":"https:\/\/autostil.ba\/maloprodaja\/?post_type=product&#038;p=118082"},"modified":"2026-04-08T11:45:35","modified_gmt":"2026-04-08T09:45:35","slug":"turtle-wax-sredstvo-za-poliranje-farova","status":"publish","type":"product","link":"https:\/\/autostil.ba\/maloprodaja\/proizvod\/11695\/turtle-wax-sredstvo-za-poliranje-farova\/","title":{"rendered":"TURTLE WAX SREDSTVO ZA POLIRANJE FAROVA"},"content":{"rendered":"","protected":false},"excerpt":{"rendered":"<p>Turtle Wax Speed \u200b\u200bHeadlight je jednostavno rje\u0161enje u 4 koraka za zamu\u0107ene i oksidirane farove. Komplet uklju\u010duje: preciznu podlogu za poliranje za uklanjanje povr\u0161inske oksidacije, vlasni\u010dki spoj za popravak i restauraciju le\u0107a farova za pobolj\u0161anje jasno\u0107e i 2 kerami\u010dke akrilne maramice za brtvljenje i za\u0161titu od budu\u0107ih o\u0161te\u0107enja. Popravak i restauracija le\u0107a farova koristi ekskluzivnu tehnologiju trombocita za uklanjanje ogrebotina, mrlja i jake oksidacije i \u017eu\u0107enja iz plastike farova bolje od obi\u010dnih spojeva. Potpuno nove kerami\u010dke akrilne maramice bez dla\u010dica \u010duvaju farove do 6 mjeseci.<\/p>\n<p>Turtle Wax New Speed \u200b\u200bkomplet za restauraciju so\u010diva farova, o\u010dvr\u0161\u0107avanje i brtvljenje<\/p>\n<p>Samo ure\u0111aj za obnavljanje so\u010diva farova sa Heal Seal tehnologijom za obnavljanje farova i za\u0161titu od budu\u0107ih o\u0161te\u0107enja<br \/>\nPru\u017ea profesionalne rezultate i nema potrebe da tro\u0161ite stotine na nove farove<br \/>\nPobolj\u0161ava jasno\u0107u i sigurnost farova<br \/>\nSpeedlight Kit daje vrhunske rezultate bez potrebe za bu\u0161ilicom ili elektri\u010dnim alatom<br \/>\nKomplet uklju\u010duje: 1 brusnu plo\u010du, 1 2oz. Renew Restore Compound, 2 kerami\u010dke akrilne maramice<\/p>\n","protected":false},"featured_media":118083,"comment_status":"open","ping_status":"closed","template":"","meta":{"_acf_changed":false,"inline_featured_image":false},"product_brand":[],"product_cat":[164],"product_tag":[],"class_list":{"0":"post-118082","1":"product","2":"type-product","3":"status-publish","4":"has-post-thumbnail","6":"product_cat-car-detailing","8":"first","9":"instock","10":"taxable","11":"shipping-taxable","12":"purchasable","13":"product-type-simple"},"acf":[],"custom_product_id":"11695","_links":{"self":[{"href":"https:\/\/autostil.ba\/maloprodaja\/wp-json\/wp\/v2\/product\/118082","targetHints":{"allow":["GET"]}}],"collection":[{"href":"https:\/\/autostil.ba\/maloprodaja\/wp-json\/wp\/v2\/product"}],"about":[{"href":"https:\/\/autostil.ba\/maloprodaja\/wp-json\/wp\/v2\/types\/product"}],"replies":[{"embeddable":true,"href":"https:\/\/autostil.ba\/maloprodaja\/wp-json\/wp\/v2\/comments?post=118082"}],"version-history":[{"count":1,"href":"https:\/\/autostil.ba\/maloprodaja\/wp-json\/wp\/v2\/product\/118082\/revisions"}],"predecessor-version":[{"id":118084,"href":"https:\/\/autostil.ba\/maloprodaja\/wp-json\/wp\/v2\/product\/118082\/revisions\/118084"}],"wp:featuredmedia":[{"embeddable":true,"href":"https:\/\/autostil.ba\/maloprodaja\/wp-json\/wp\/v2\/media\/118083"}],"wp:attachment":[{"href":"https:\/\/autostil.ba\/maloprodaja\/wp-json\/wp\/v2\/media?parent=118082"}],"wp:term":[{"taxonomy":"product_brand","embeddable":true,"href":"https:\/\/autostil.ba\/maloprodaja\/wp-json\/wp\/v2\/product_brand?post=118082"},{"taxonomy":"product_cat","embeddable":true,"href":"https:\/\/autostil.ba\/maloprodaja\/wp-json\/wp\/v2\/product_cat?post=118082"},{"taxonomy":"product_tag","embeddable":true,"href":"https:\/\/autostil.ba\/maloprodaja\/wp-json\/wp\/v2\/product_tag?post=118082"}],"curies":[{"name":"wp","href":"https:\/\/api.w.org\/{rel}","templated":true}]}}