{"id":118002,"date":"2024-07-18T08:14:08","date_gmt":"2024-07-18T06:14:08","guid":{"rendered":"https:\/\/autostil.ba\/maloprodaja\/?post_type=product&#038;p=118002"},"modified":"2026-04-23T13:59:46","modified_gmt":"2026-04-23T11:59:46","slug":"blatarice-univerzalne-elegant-1","status":"publish","type":"product","link":"https:\/\/autostil.ba\/maloprodaja\/proizvod\/5898\/blatarice-univerzalne-elegant-1\/","title":{"rendered":"BLATARICE UNIVERZALNE ELEGANT 1"},"content":{"rendered":"","protected":false},"excerpt":{"rendered":"<p>BLATARICE UNIVERZALNE ELEGANT 1 Univerzalne blatarice,  savr\u0161eno \u0161tite automobil od o\u0161te\u0107enja kamenjem, hvata\u010di \u0161tite farbu  i savr\u0161eno se uklapaju u vanjski dio automobila. Visinom  od oko 8 cm vi\u0161e odgovaraju  prednjim blatobranima.<br \/>\nNapravljene su od visokokvalitetne plastike.<br \/>\nKomplet uklju\u010duje dvije  blatarice. Instalacija je jednostavna, postavljena u nosa\u010de.<\/p>\n","protected":false},"featured_media":118003,"comment_status":"open","ping_status":"closed","template":"","meta":{"_acf_changed":false,"inline_featured_image":false},"product_brand":[],"product_cat":[72],"product_tag":[],"class_list":{"0":"post-118002","1":"product","2":"type-product","3":"status-publish","4":"has-post-thumbnail","6":"product_cat-blatarice-za-tockove","8":"first","9":"instock","10":"taxable","11":"shipping-taxable","12":"purchasable","13":"product-type-simple"},"acf":[],"custom_product_id":"5898","_links":{"self":[{"href":"https:\/\/autostil.ba\/maloprodaja\/wp-json\/wp\/v2\/product\/118002","targetHints":{"allow":["GET"]}}],"collection":[{"href":"https:\/\/autostil.ba\/maloprodaja\/wp-json\/wp\/v2\/product"}],"about":[{"href":"https:\/\/autostil.ba\/maloprodaja\/wp-json\/wp\/v2\/types\/product"}],"replies":[{"embeddable":true,"href":"https:\/\/autostil.ba\/maloprodaja\/wp-json\/wp\/v2\/comments?post=118002"}],"version-history":[{"count":1,"href":"https:\/\/autostil.ba\/maloprodaja\/wp-json\/wp\/v2\/product\/118002\/revisions"}],"predecessor-version":[{"id":118004,"href":"https:\/\/autostil.ba\/maloprodaja\/wp-json\/wp\/v2\/product\/118002\/revisions\/118004"}],"wp:featuredmedia":[{"embeddable":true,"href":"https:\/\/autostil.ba\/maloprodaja\/wp-json\/wp\/v2\/media\/118003"}],"wp:attachment":[{"href":"https:\/\/autostil.ba\/maloprodaja\/wp-json\/wp\/v2\/media?parent=118002"}],"wp:term":[{"taxonomy":"product_brand","embeddable":true,"href":"https:\/\/autostil.ba\/maloprodaja\/wp-json\/wp\/v2\/product_brand?post=118002"},{"taxonomy":"product_cat","embeddable":true,"href":"https:\/\/autostil.ba\/maloprodaja\/wp-json\/wp\/v2\/product_cat?post=118002"},{"taxonomy":"product_tag","embeddable":true,"href":"https:\/\/autostil.ba\/maloprodaja\/wp-json\/wp\/v2\/product_tag?post=118002"}],"curies":[{"name":"wp","href":"https:\/\/api.w.org\/{rel}","templated":true}]}}