{"id":117992,"date":"2025-12-24T15:22:08","date_gmt":"2025-12-24T13:22:08","guid":{"rendered":"https:\/\/autostil.ba\/maloprodaja\/?post_type=product&#038;p=117992"},"modified":"2026-04-08T11:45:30","modified_gmt":"2026-04-08T09:45:30","slug":"blatarice-univerzalne-elegant-3","status":"publish","type":"product","link":"https:\/\/autostil.ba\/maloprodaja\/proizvod\/403\/blatarice-univerzalne-elegant-3\/","title":{"rendered":"BLATARICE UNIVERZALNE ELEGANT 3"},"content":{"rendered":"","protected":false},"excerpt":{"rendered":"<p>BLATARICE UNIVERZALNE ELEGANT 3 Blatarice univerzalne savr\u0161eno \u0161tite automobil od o\u0161te\u0107enja kamenjem, hvata\u010di \u0161tite farbu i savr\u0161eno se uklapaju u vanjski dio automobila. Visinom od oko 8 cm vi\u0161e odgovaraju prednjim blatobranima.<br \/>\nNapravljene su od visokokvalitetne plastike.<br \/>\nKomplet uklju\u010duje dvije blatarice desna i lijeva. Instalacija je jednostavna, postavljena u nosa\u010de.<\/p>\n","protected":false},"featured_media":117993,"comment_status":"open","ping_status":"closed","template":"","meta":{"_acf_changed":false,"inline_featured_image":false},"product_brand":[],"product_cat":[72],"product_tag":[],"class_list":{"0":"post-117992","1":"product","2":"type-product","3":"status-publish","4":"has-post-thumbnail","6":"product_cat-blatarice-za-tockove","8":"first","9":"instock","10":"taxable","11":"shipping-taxable","12":"purchasable","13":"product-type-simple"},"acf":[],"custom_product_id":"403","_links":{"self":[{"href":"https:\/\/autostil.ba\/maloprodaja\/wp-json\/wp\/v2\/product\/117992","targetHints":{"allow":["GET"]}}],"collection":[{"href":"https:\/\/autostil.ba\/maloprodaja\/wp-json\/wp\/v2\/product"}],"about":[{"href":"https:\/\/autostil.ba\/maloprodaja\/wp-json\/wp\/v2\/types\/product"}],"replies":[{"embeddable":true,"href":"https:\/\/autostil.ba\/maloprodaja\/wp-json\/wp\/v2\/comments?post=117992"}],"version-history":[{"count":2,"href":"https:\/\/autostil.ba\/maloprodaja\/wp-json\/wp\/v2\/product\/117992\/revisions"}],"predecessor-version":[{"id":793056051,"href":"https:\/\/autostil.ba\/maloprodaja\/wp-json\/wp\/v2\/product\/117992\/revisions\/793056051"}],"wp:featuredmedia":[{"embeddable":true,"href":"https:\/\/autostil.ba\/maloprodaja\/wp-json\/wp\/v2\/media\/117993"}],"wp:attachment":[{"href":"https:\/\/autostil.ba\/maloprodaja\/wp-json\/wp\/v2\/media?parent=117992"}],"wp:term":[{"taxonomy":"product_brand","embeddable":true,"href":"https:\/\/autostil.ba\/maloprodaja\/wp-json\/wp\/v2\/product_brand?post=117992"},{"taxonomy":"product_cat","embeddable":true,"href":"https:\/\/autostil.ba\/maloprodaja\/wp-json\/wp\/v2\/product_cat?post=117992"},{"taxonomy":"product_tag","embeddable":true,"href":"https:\/\/autostil.ba\/maloprodaja\/wp-json\/wp\/v2\/product_tag?post=117992"}],"curies":[{"name":"wp","href":"https:\/\/api.w.org\/{rel}","templated":true}]}}