{"id":117902,"date":"2024-07-18T08:14:04","date_gmt":"2024-07-18T06:14:04","guid":{"rendered":"https:\/\/autostil.ba\/maloprodaja\/?post_type=product&#038;p=117902"},"modified":"2026-04-08T11:45:24","modified_gmt":"2026-04-08T09:45:24","slug":"miris-za-auto-aroma-car-angry-dogs-fresh-linen","status":"publish","type":"product","link":"https:\/\/autostil.ba\/maloprodaja\/proizvod\/11831\/miris-za-auto-aroma-car-angry-dogs-fresh-linen\/","title":{"rendered":"MIRIS ZA AUTO AROMA CAR ANGRY DOGS FRESH LINEN"},"content":{"rendered":"","protected":false},"excerpt":{"rendered":"<p>Polimerni osvje\u017eiva\u010d zraka u obliku ma\u010dke. Multifunkcionalna je: mo\u017ee biti mirisni privjesak za klju\u010deve, originalni mirisni vise\u0107i osvje\u017eiva\u010d za va\u0161 ormar ili ukras va\u0161e torbe ili ranca. Ali prije svega, to je auto osvje\u017eiva\u010d zraka koji se mo\u017ee oka\u010diti na stra\u017enji retrovizor ili postaviti na ventilacijski otvor, a istovremeno je i originalna dekoracija u va\u0161em automobilu. Polimer \u2013 siguran materijal koji sadr\u017ei miris koji se osloba\u0111a u procesu isparavanja. Na\u010din upotrebe: Izvadite proizvod iz ambala\u017ee. Mo\u017eete odabrati jedan od 3 na\u010dina upotrebe: pri\u010dvrstite plasti\u010dni prsten i koristite proizvod kao mirisni privjesak za klju\u010deve, pri\u010dvrstite traku i objesite je na stra\u017enji retrovizor ili je postavite na ventilacijski otvor u automobilu pomo\u0107u ru\u010dke.<\/p>\n","protected":false},"featured_media":117903,"comment_status":"open","ping_status":"closed","template":"","meta":{"_acf_changed":false,"inline_featured_image":false},"product_brand":[],"product_cat":[78],"product_tag":[],"class_list":{"0":"post-117902","1":"product","2":"type-product","3":"status-publish","4":"has-post-thumbnail","6":"product_cat-mirisi-za-auto","8":"first","9":"instock","10":"taxable","11":"shipping-taxable","12":"purchasable","13":"product-type-simple"},"acf":[],"custom_product_id":"11831","_links":{"self":[{"href":"https:\/\/autostil.ba\/maloprodaja\/wp-json\/wp\/v2\/product\/117902","targetHints":{"allow":["GET"]}}],"collection":[{"href":"https:\/\/autostil.ba\/maloprodaja\/wp-json\/wp\/v2\/product"}],"about":[{"href":"https:\/\/autostil.ba\/maloprodaja\/wp-json\/wp\/v2\/types\/product"}],"replies":[{"embeddable":true,"href":"https:\/\/autostil.ba\/maloprodaja\/wp-json\/wp\/v2\/comments?post=117902"}],"version-history":[{"count":1,"href":"https:\/\/autostil.ba\/maloprodaja\/wp-json\/wp\/v2\/product\/117902\/revisions"}],"predecessor-version":[{"id":117904,"href":"https:\/\/autostil.ba\/maloprodaja\/wp-json\/wp\/v2\/product\/117902\/revisions\/117904"}],"wp:featuredmedia":[{"embeddable":true,"href":"https:\/\/autostil.ba\/maloprodaja\/wp-json\/wp\/v2\/media\/117903"}],"wp:attachment":[{"href":"https:\/\/autostil.ba\/maloprodaja\/wp-json\/wp\/v2\/media?parent=117902"}],"wp:term":[{"taxonomy":"product_brand","embeddable":true,"href":"https:\/\/autostil.ba\/maloprodaja\/wp-json\/wp\/v2\/product_brand?post=117902"},{"taxonomy":"product_cat","embeddable":true,"href":"https:\/\/autostil.ba\/maloprodaja\/wp-json\/wp\/v2\/product_cat?post=117902"},{"taxonomy":"product_tag","embeddable":true,"href":"https:\/\/autostil.ba\/maloprodaja\/wp-json\/wp\/v2\/product_tag?post=117902"}],"curies":[{"name":"wp","href":"https:\/\/api.w.org\/{rel}","templated":true}]}}