{"id":117772,"date":"2025-07-01T08:36:58","date_gmt":"2025-07-01T06:36:58","guid":{"rendered":"https:\/\/autostil.ba\/maloprodaja\/?post_type=product&#038;p=117772"},"modified":"2026-04-08T11:45:24","modified_gmt":"2026-04-08T09:45:24","slug":"miris-za-auto-aroma-car-hex-black-ventilacija","status":"publish","type":"product","link":"https:\/\/autostil.ba\/maloprodaja\/proizvod\/11331\/miris-za-auto-aroma-car-hex-black-ventilacija\/","title":{"rendered":"MIRIS ZA AUTO AROMA CAR HEX BLACK VENTILACIJA"},"content":{"rendered":"","protected":false},"excerpt":{"rendered":"<p>Hex je polimerni osvje\u017eiva\u010d zraka dizajniran za voza\u010de koji cijene minimalizam i moderan dizajn. Postavljen na ventilacijsku re\u0161etku, osigurava svje\u017einu do 40 dana. Originalni miris baziran na francuskim parfemima. Polimer \u2013 siguran materijal koji sadr\u017ei miris koji se osloba\u0111a tokom procesa isparavanja.<\/p>\n","protected":false},"featured_media":117773,"comment_status":"open","ping_status":"closed","template":"","meta":{"_acf_changed":false,"inline_featured_image":false},"product_brand":[],"product_cat":[78],"product_tag":[],"class_list":{"0":"post-117772","1":"product","2":"type-product","3":"status-publish","4":"has-post-thumbnail","6":"product_cat-mirisi-za-auto","8":"first","9":"instock","10":"taxable","11":"shipping-taxable","12":"purchasable","13":"product-type-simple"},"acf":[],"custom_product_id":"11331","_links":{"self":[{"href":"https:\/\/autostil.ba\/maloprodaja\/wp-json\/wp\/v2\/product\/117772","targetHints":{"allow":["GET"]}}],"collection":[{"href":"https:\/\/autostil.ba\/maloprodaja\/wp-json\/wp\/v2\/product"}],"about":[{"href":"https:\/\/autostil.ba\/maloprodaja\/wp-json\/wp\/v2\/types\/product"}],"replies":[{"embeddable":true,"href":"https:\/\/autostil.ba\/maloprodaja\/wp-json\/wp\/v2\/comments?post=117772"}],"version-history":[{"count":1,"href":"https:\/\/autostil.ba\/maloprodaja\/wp-json\/wp\/v2\/product\/117772\/revisions"}],"predecessor-version":[{"id":117774,"href":"https:\/\/autostil.ba\/maloprodaja\/wp-json\/wp\/v2\/product\/117772\/revisions\/117774"}],"wp:featuredmedia":[{"embeddable":true,"href":"https:\/\/autostil.ba\/maloprodaja\/wp-json\/wp\/v2\/media\/117773"}],"wp:attachment":[{"href":"https:\/\/autostil.ba\/maloprodaja\/wp-json\/wp\/v2\/media?parent=117772"}],"wp:term":[{"taxonomy":"product_brand","embeddable":true,"href":"https:\/\/autostil.ba\/maloprodaja\/wp-json\/wp\/v2\/product_brand?post=117772"},{"taxonomy":"product_cat","embeddable":true,"href":"https:\/\/autostil.ba\/maloprodaja\/wp-json\/wp\/v2\/product_cat?post=117772"},{"taxonomy":"product_tag","embeddable":true,"href":"https:\/\/autostil.ba\/maloprodaja\/wp-json\/wp\/v2\/product_tag?post=117772"}],"curies":[{"name":"wp","href":"https:\/\/api.w.org\/{rel}","templated":true}]}}