{"id":117722,"date":"2025-03-19T09:29:54","date_gmt":"2025-03-19T07:29:54","guid":{"rendered":"https:\/\/autostil.ba\/maloprodaja\/?post_type=product&#038;p=117722"},"modified":"2026-04-08T11:45:18","modified_gmt":"2026-04-08T09:45:18","slug":"miris-za-auto-aroma-car-hex-bubble-gum-ventilacija","status":"publish","type":"product","link":"https:\/\/autostil.ba\/maloprodaja\/proizvod\/11330\/miris-za-auto-aroma-car-hex-bubble-gum-ventilacija\/","title":{"rendered":"MIRIS ZA AUTO AROMA CAR HEX BUBBLE GUM VENTILACIJA"},"content":{"rendered":"","protected":false},"excerpt":{"rendered":"<p>Hex je polimerni osvje\u017eiva\u010d zraka dizajniran za voza\u010de koji cijene minimalizam i moderan dizajn. Postavljen na ventilacijsku re\u0161etku, osigurava svje\u017einu do 40 dana. Originalni miris baziran na francuskim parfemima. Polimer \u2013 siguran materijal koji sadr\u017ei miris koji se osloba\u0111a tokom procesa isparavanja.<\/p>\n","protected":false},"featured_media":117723,"comment_status":"open","ping_status":"closed","template":"","meta":{"_acf_changed":false,"inline_featured_image":false},"product_brand":[],"product_cat":[78],"product_tag":[],"class_list":{"0":"post-117722","1":"product","2":"type-product","3":"status-publish","4":"has-post-thumbnail","6":"product_cat-mirisi-za-auto","8":"first","9":"instock","10":"taxable","11":"shipping-taxable","12":"purchasable","13":"product-type-simple"},"acf":[],"custom_product_id":"11330","_links":{"self":[{"href":"https:\/\/autostil.ba\/maloprodaja\/wp-json\/wp\/v2\/product\/117722","targetHints":{"allow":["GET"]}}],"collection":[{"href":"https:\/\/autostil.ba\/maloprodaja\/wp-json\/wp\/v2\/product"}],"about":[{"href":"https:\/\/autostil.ba\/maloprodaja\/wp-json\/wp\/v2\/types\/product"}],"replies":[{"embeddable":true,"href":"https:\/\/autostil.ba\/maloprodaja\/wp-json\/wp\/v2\/comments?post=117722"}],"version-history":[{"count":1,"href":"https:\/\/autostil.ba\/maloprodaja\/wp-json\/wp\/v2\/product\/117722\/revisions"}],"predecessor-version":[{"id":117724,"href":"https:\/\/autostil.ba\/maloprodaja\/wp-json\/wp\/v2\/product\/117722\/revisions\/117724"}],"wp:featuredmedia":[{"embeddable":true,"href":"https:\/\/autostil.ba\/maloprodaja\/wp-json\/wp\/v2\/media\/117723"}],"wp:attachment":[{"href":"https:\/\/autostil.ba\/maloprodaja\/wp-json\/wp\/v2\/media?parent=117722"}],"wp:term":[{"taxonomy":"product_brand","embeddable":true,"href":"https:\/\/autostil.ba\/maloprodaja\/wp-json\/wp\/v2\/product_brand?post=117722"},{"taxonomy":"product_cat","embeddable":true,"href":"https:\/\/autostil.ba\/maloprodaja\/wp-json\/wp\/v2\/product_cat?post=117722"},{"taxonomy":"product_tag","embeddable":true,"href":"https:\/\/autostil.ba\/maloprodaja\/wp-json\/wp\/v2\/product_tag?post=117722"}],"curies":[{"name":"wp","href":"https:\/\/api.w.org\/{rel}","templated":true}]}}