{"id":117652,"date":"2024-07-18T08:13:51","date_gmt":"2024-07-18T06:13:51","guid":{"rendered":"https:\/\/autostil.ba\/maloprodaja\/?post_type=product&#038;p=117652"},"modified":"2026-04-08T11:45:13","modified_gmt":"2026-04-08T09:45:13","slug":"tecnost-za-ciscenje-gumenih-povrsina-500ml","status":"publish","type":"product","link":"https:\/\/autostil.ba\/maloprodaja\/proizvod\/12423\/tecnost-za-ciscenje-gumenih-povrsina-500ml\/","title":{"rendered":"TE\u010cNOST ZA \u010cI\u0160\u0106ENJE GUMENIH POVR\u0160INA 500ml"},"content":{"rendered":"","protected":false},"excerpt":{"rendered":"<p>RRCustoms BadBoys \u010dista\u010d guma i gume<br \/>\nSa prijatnim mirisom. Odmah prodire u prljav\u0161tinu i efikasno je odvaja od povr\u0161ine. Prije upotrebe BadBoys Tire&amp;Rubber Cleaner, koristite BadBoys Active Foam i BadBoys \u0161ampon, tako da gume ne zahtijevaju ribanje. BadBoys Tire&amp;Rubber Cleaner odma\u0161\u0107uje povr\u0161inu gume, ostavljaju\u0107i je \u010distom. Nakon \u010di\u0161\u0107enja guma sredstvom za \u010di\u0161\u0107enje guma i gume, preporu\u010duje se upotreba BadBoys Tire Dressing za tamno crni efekat gume.<br \/>\nKarakteristike proizvoda:<br \/>\nProizvod za \u010di\u0161\u0107enje guma i gumenih dijelova.<br \/>\nOstavlja povr\u0161inu odma\u0161\u0107enom i pripremljenom za aplikaciju BadBoys Tire Dressing<br \/>\nProizvod je spreman za upotrebu i ne zahtijeva razrje\u0111ivanje<br \/>\nBeskontaktna upotreba, nije potrebno ribanje<br \/>\nNeophodno pre upotrebe BadBoys Tire Dressing zacrnjivanje guma<br \/>\nUpotreba:<br \/>\nProtresti prije upotrebe<br \/>\nKoristite okida\u010d da nanesete BadBoys Tire &amp; Rubber Cleaner na gumu ili druge gumene komponente<br \/>\nSa\u010dekajte 1-2 minuta; u slu\u010daju jakog zaprljanja, o\u010distite mehani\u010dki \u010detkom<br \/>\nIsprati vodom, najbolje pod pritiskom<br \/>\nOsu\u0161ite povr\u0161inu \u010distim mikrovlaknom<br \/>\nZa efekat &#8220;nove gume&#8221;, koristite BadBoys Rubber &amp; Plastic Dressing<br \/>\nPreporuke:<br \/>\nNe koristiti na neobojenim, hromiranim ili poliranim felgama<br \/>\n\u010cuvati na suvom i hladnom mestu na 5-25?<br \/>\nNe izlagati smrzavanju ili pregrijavanju;<br \/>\nDr\u017eite proizvod dobro zatvorenim, koriste\u0107i samo originalnu kapicu;<br \/>\nKoristili smo specijalizirani, prozra\u010dni \u010dep za bocu, vrlo velika koli\u010dina mirisa sadr\u017eanog u proizvodu mo\u017ee uzrokovati skupljanje bo\u010dice;<br \/>\nPromijenjen oblik boce ne utje\u010de na kvalitetu proizvoda;<br \/>\nZa\u0161titite ko\u017eu tokom nano\u0161enja; proizvod je iritantan za ko\u017eu; koristiti za\u0161titne rukavice\/odje\u0107u\/za\u0161titu za o\u010di\/za\u0161titu za lice<br \/>\nTemeljito operite ruke nakon upotrebe<br \/>\nNe ostavljajte da se osu\u0161i<br \/>\nPrije nano\u0161enja, uvjerite se da je povr\u0161ina koju \u010distite hladna, nemojte koristiti na direktnoj sun\u010devoj svjetlosti<br \/>\n\u010cuvati izvan dohvata djece<br \/>\nProizvod za profesionalnu upotrebu<\/p>\n","protected":false},"featured_media":117653,"comment_status":"open","ping_status":"closed","template":"","meta":{"_acf_changed":false,"inline_featured_image":false},"product_brand":[],"product_cat":[164],"product_tag":[],"class_list":{"0":"post-117652","1":"product","2":"type-product","3":"status-publish","4":"has-post-thumbnail","6":"product_cat-car-detailing","8":"first","9":"instock","10":"taxable","11":"shipping-taxable","12":"purchasable","13":"product-type-simple"},"acf":[],"custom_product_id":"12423","_links":{"self":[{"href":"https:\/\/autostil.ba\/maloprodaja\/wp-json\/wp\/v2\/product\/117652","targetHints":{"allow":["GET"]}}],"collection":[{"href":"https:\/\/autostil.ba\/maloprodaja\/wp-json\/wp\/v2\/product"}],"about":[{"href":"https:\/\/autostil.ba\/maloprodaja\/wp-json\/wp\/v2\/types\/product"}],"replies":[{"embeddable":true,"href":"https:\/\/autostil.ba\/maloprodaja\/wp-json\/wp\/v2\/comments?post=117652"}],"version-history":[{"count":1,"href":"https:\/\/autostil.ba\/maloprodaja\/wp-json\/wp\/v2\/product\/117652\/revisions"}],"predecessor-version":[{"id":117654,"href":"https:\/\/autostil.ba\/maloprodaja\/wp-json\/wp\/v2\/product\/117652\/revisions\/117654"}],"wp:featuredmedia":[{"embeddable":true,"href":"https:\/\/autostil.ba\/maloprodaja\/wp-json\/wp\/v2\/media\/117653"}],"wp:attachment":[{"href":"https:\/\/autostil.ba\/maloprodaja\/wp-json\/wp\/v2\/media?parent=117652"}],"wp:term":[{"taxonomy":"product_brand","embeddable":true,"href":"https:\/\/autostil.ba\/maloprodaja\/wp-json\/wp\/v2\/product_brand?post=117652"},{"taxonomy":"product_cat","embeddable":true,"href":"https:\/\/autostil.ba\/maloprodaja\/wp-json\/wp\/v2\/product_cat?post=117652"},{"taxonomy":"product_tag","embeddable":true,"href":"https:\/\/autostil.ba\/maloprodaja\/wp-json\/wp\/v2\/product_tag?post=117652"}],"curies":[{"name":"wp","href":"https:\/\/api.w.org\/{rel}","templated":true}]}}