{"id":117642,"date":"2024-07-18T08:13:51","date_gmt":"2024-07-18T06:13:51","guid":{"rendered":"https:\/\/autostil.ba\/maloprodaja\/?post_type=product&#038;p=117642"},"modified":"2026-04-08T11:45:13","modified_gmt":"2026-04-08T09:45:13","slug":"sredstvo-za-uklanjanje-insekata-500ml","status":"publish","type":"product","link":"https:\/\/autostil.ba\/maloprodaja\/proizvod\/12604\/sredstvo-za-uklanjanje-insekata-500ml\/","title":{"rendered":"SREDSTVO ZA UKLANJANJE INSEKATA 500ml"},"content":{"rendered":"","protected":false},"excerpt":{"rendered":"<p>U\u010dinkovito uklanja tragove osu\u0161enih insekata i pti\u010djeg izmeta. Idealan za upotrebu prije pranja automobila. Proizvod ugodnog mirisa kupine.<br \/>\nKarakteristike:<br \/>\nProizvod za upotrebu na lakiranim, staklenim, plasti\u010dnim, obojenim, poliranim metalima, hromiranim, eloksiranim, premazanim prahom, povr\u0161inama od karbonskih vlakana ili vinil folije<br \/>\nbeskontaktno kori\u0161tenje<br \/>\nspreman za upotrebu<br \/>\nsiguran za o\u010di\u0161\u0107enu povr\u0161inu ako se nanosi kako je preporu\u010deno<\/p>\n<p>Upotreba:<br \/>\nprotresti prije upotrebe<br \/>\nprskajte zaprljanu povr\u0161inu okida\u010dem sa udaljenosti od cca. 15 cm<br \/>\nsa\u010dekajte 3-5 minuta<br \/>\nisprati sa dosta vode pod pritiskom<br \/>\nako je potrebno, ponovite gore navedene korake<\/p>\n<p>Preporuke:<br \/>\nprije prve upotrebe, testirajte proizvod na manje vidljivom mjestu<br \/>\ntokom nano\u0161enja za\u0161titite ko\u017eu; agent je iritantan<br \/>\n\u010cuvati na suvom i hladnom mestu na 5-25?<br \/>\nnemojte izlagati smrzavanju ili pregrijavanju<br \/>\nne ostavljajte da se osu\u0161i<br \/>\nprije nano\u0161enja, uvjerite se da je povr\u0161ina koju \u010distite hladna, nemojte koristiti na direktnoj sun\u010devoj svjetlosti<br \/>\n\u010duvati izvan dohvata djece<br \/>\nproizvod za profesionalnu upotrebu<\/p>\n","protected":false},"featured_media":117643,"comment_status":"open","ping_status":"closed","template":"","meta":{"_acf_changed":false,"inline_featured_image":false},"product_brand":[],"product_cat":[164],"product_tag":[],"class_list":{"0":"post-117642","1":"product","2":"type-product","3":"status-publish","4":"has-post-thumbnail","6":"product_cat-car-detailing","8":"first","9":"instock","10":"taxable","11":"shipping-taxable","12":"purchasable","13":"product-type-simple"},"acf":[],"custom_product_id":"12604","_links":{"self":[{"href":"https:\/\/autostil.ba\/maloprodaja\/wp-json\/wp\/v2\/product\/117642","targetHints":{"allow":["GET"]}}],"collection":[{"href":"https:\/\/autostil.ba\/maloprodaja\/wp-json\/wp\/v2\/product"}],"about":[{"href":"https:\/\/autostil.ba\/maloprodaja\/wp-json\/wp\/v2\/types\/product"}],"replies":[{"embeddable":true,"href":"https:\/\/autostil.ba\/maloprodaja\/wp-json\/wp\/v2\/comments?post=117642"}],"version-history":[{"count":2,"href":"https:\/\/autostil.ba\/maloprodaja\/wp-json\/wp\/v2\/product\/117642\/revisions"}],"predecessor-version":[{"id":793050632,"href":"https:\/\/autostil.ba\/maloprodaja\/wp-json\/wp\/v2\/product\/117642\/revisions\/793050632"}],"wp:featuredmedia":[{"embeddable":true,"href":"https:\/\/autostil.ba\/maloprodaja\/wp-json\/wp\/v2\/media\/117643"}],"wp:attachment":[{"href":"https:\/\/autostil.ba\/maloprodaja\/wp-json\/wp\/v2\/media?parent=117642"}],"wp:term":[{"taxonomy":"product_brand","embeddable":true,"href":"https:\/\/autostil.ba\/maloprodaja\/wp-json\/wp\/v2\/product_brand?post=117642"},{"taxonomy":"product_cat","embeddable":true,"href":"https:\/\/autostil.ba\/maloprodaja\/wp-json\/wp\/v2\/product_cat?post=117642"},{"taxonomy":"product_tag","embeddable":true,"href":"https:\/\/autostil.ba\/maloprodaja\/wp-json\/wp\/v2\/product_tag?post=117642"}],"curies":[{"name":"wp","href":"https:\/\/api.w.org\/{rel}","templated":true}]}}