{"id":117632,"date":"2024-07-18T08:13:50","date_gmt":"2024-07-18T06:13:50","guid":{"rendered":"https:\/\/autostil.ba\/maloprodaja\/?post_type=product&#038;p=117632"},"modified":"2026-04-08T11:45:12","modified_gmt":"2026-04-08T09:45:12","slug":"tecnost-za-njegu-unutrasnje-plastike-500ml","status":"publish","type":"product","link":"https:\/\/autostil.ba\/maloprodaja\/proizvod\/12438\/tecnost-za-njegu-unutrasnje-plastike-500ml\/","title":{"rendered":"TE\u010cNOST ZA NJEGU UNUTRA\u0160NJE PLASTIKE 500ml"},"content":{"rendered":"","protected":false},"excerpt":{"rendered":"<p>RRCustoms BadBoys Interijer Detailer WildBerry<br \/>\nPriprema za svakodnevnu negu plasti\u010dnih unutra\u0161njih delova automobila. BadBoys Interior Detailer brzo i efikasno \u010disti i osvje\u017eava plasti\u010dne povr\u0161ine. Daje prirodan izgled, \u0161titi plastiku od prekomjernog nakupljanja pra\u0161ine i ostavlja povr\u0161inu otpornom na otiske prstiju. Serija mirisa \u2013 WildBerry.<br \/>\nKarakteristike:<br \/>\nBlagi proizvod za \u010di\u0161\u0107enje unutra\u0161nje plastike<br \/>\nSiguran pH<br \/>\nNagla\u0161ava dubinu boje<br \/>\nVra\u0107a povr\u0161ini prirodni izgled<br \/>\nOstavlja za\u0161titni i antistati\u010dki sloj<br \/>\nSiguran za o\u010di\u0161\u0107ene povr\u0161ine<br \/>\nSpreman za upotrebu<br \/>\nPrijatan miris &#8211; WildBerry<br \/>\nUpotreba:<br \/>\nProtresti prije upotrebe<br \/>\nPoprskajte povr\u0161inu malom koli\u010dinom sredstva sa udaljenosti od cca. 15 cm sa okida\u010dem ili nanesite krpom od mikrovlakana<br \/>\nTemeljito obri\u0161ite povr\u0161inu koju prskate krpom od mikrovlakana<br \/>\nAko je potrebno, ponovite gore navedene korake<br \/>\nNakon \u010di\u0161\u0107enja povr\u0161ine sa Interior Detailer BadBoys preporu\u010dujemo primjenu Interior Dressing BadBoys kako bi se o\u010duvala plastika i naglasila dubina boje<br \/>\nPreporuke:<br \/>\n\u010cuvati na suvom i hladnom mestu na 5-25?<br \/>\nNemojte izlagati smrzavanju ili pregrijavanju<br \/>\nNe ostavljajte da se osu\u0161i na povr\u0161ini<br \/>\nPrije nano\u0161enja provjerite je li povr\u0161ina koju \u010distite hladna<br \/>\n\u010cuvati izvan dohvata djece<\/p>\n","protected":false},"featured_media":117633,"comment_status":"open","ping_status":"closed","template":"","meta":{"_acf_changed":false,"inline_featured_image":false},"product_brand":[],"product_cat":[164],"product_tag":[],"class_list":{"0":"post-117632","1":"product","2":"type-product","3":"status-publish","4":"has-post-thumbnail","6":"product_cat-car-detailing","8":"first","9":"instock","10":"taxable","11":"shipping-taxable","12":"purchasable","13":"product-type-simple"},"acf":[],"custom_product_id":"12438","_links":{"self":[{"href":"https:\/\/autostil.ba\/maloprodaja\/wp-json\/wp\/v2\/product\/117632","targetHints":{"allow":["GET"]}}],"collection":[{"href":"https:\/\/autostil.ba\/maloprodaja\/wp-json\/wp\/v2\/product"}],"about":[{"href":"https:\/\/autostil.ba\/maloprodaja\/wp-json\/wp\/v2\/types\/product"}],"replies":[{"embeddable":true,"href":"https:\/\/autostil.ba\/maloprodaja\/wp-json\/wp\/v2\/comments?post=117632"}],"version-history":[{"count":1,"href":"https:\/\/autostil.ba\/maloprodaja\/wp-json\/wp\/v2\/product\/117632\/revisions"}],"predecessor-version":[{"id":117634,"href":"https:\/\/autostil.ba\/maloprodaja\/wp-json\/wp\/v2\/product\/117632\/revisions\/117634"}],"wp:featuredmedia":[{"embeddable":true,"href":"https:\/\/autostil.ba\/maloprodaja\/wp-json\/wp\/v2\/media\/117633"}],"wp:attachment":[{"href":"https:\/\/autostil.ba\/maloprodaja\/wp-json\/wp\/v2\/media?parent=117632"}],"wp:term":[{"taxonomy":"product_brand","embeddable":true,"href":"https:\/\/autostil.ba\/maloprodaja\/wp-json\/wp\/v2\/product_brand?post=117632"},{"taxonomy":"product_cat","embeddable":true,"href":"https:\/\/autostil.ba\/maloprodaja\/wp-json\/wp\/v2\/product_cat?post=117632"},{"taxonomy":"product_tag","embeddable":true,"href":"https:\/\/autostil.ba\/maloprodaja\/wp-json\/wp\/v2\/product_tag?post=117632"}],"curies":[{"name":"wp","href":"https:\/\/api.w.org\/{rel}","templated":true}]}}