{"id":117592,"date":"2024-07-18T08:13:49","date_gmt":"2024-07-18T06:13:49","guid":{"rendered":"https:\/\/autostil.ba\/maloprodaja\/?post_type=product&#038;p=117592"},"modified":"2026-04-08T11:45:12","modified_gmt":"2026-04-08T09:45:12","slug":"glina-bad-boys-180g","status":"publish","type":"product","link":"https:\/\/autostil.ba\/maloprodaja\/proizvod\/12621\/glina-bad-boys-180g\/","title":{"rendered":"GLINA BAD BOYS 180g"},"content":{"rendered":"","protected":false},"excerpt":{"rendered":"<p>Glina namijenjena za \u010di\u0161\u0107enje boja i stakla.<\/p>\n<p>Dobro uklanja prljav\u0161tinu kao \u0161to su smola, katran, ostaci boje i druge ne\u010disto\u0107e koje je te\u0161ko ukloniti.<\/p>\n<p>Upotreba:<\/p>\n<p>Otkinite komad gline i oblikujte ga rukama.<\/p>\n<p>Navla\u017eite o\u010di\u0161\u0107enu povr\u0161inu i obri\u0161ite dok se prljav\u0161tina ne ukloni.<\/p>\n","protected":false},"featured_media":117593,"comment_status":"open","ping_status":"closed","template":"","meta":{"_acf_changed":false,"inline_featured_image":false},"product_brand":[],"product_cat":[164],"product_tag":[],"class_list":{"0":"post-117592","1":"product","2":"type-product","3":"status-publish","4":"has-post-thumbnail","6":"product_cat-car-detailing","8":"first","9":"instock","10":"taxable","11":"shipping-taxable","12":"purchasable","13":"product-type-simple"},"acf":[],"custom_product_id":"12621","_links":{"self":[{"href":"https:\/\/autostil.ba\/maloprodaja\/wp-json\/wp\/v2\/product\/117592","targetHints":{"allow":["GET"]}}],"collection":[{"href":"https:\/\/autostil.ba\/maloprodaja\/wp-json\/wp\/v2\/product"}],"about":[{"href":"https:\/\/autostil.ba\/maloprodaja\/wp-json\/wp\/v2\/types\/product"}],"replies":[{"embeddable":true,"href":"https:\/\/autostil.ba\/maloprodaja\/wp-json\/wp\/v2\/comments?post=117592"}],"version-history":[{"count":1,"href":"https:\/\/autostil.ba\/maloprodaja\/wp-json\/wp\/v2\/product\/117592\/revisions"}],"predecessor-version":[{"id":117594,"href":"https:\/\/autostil.ba\/maloprodaja\/wp-json\/wp\/v2\/product\/117592\/revisions\/117594"}],"wp:featuredmedia":[{"embeddable":true,"href":"https:\/\/autostil.ba\/maloprodaja\/wp-json\/wp\/v2\/media\/117593"}],"wp:attachment":[{"href":"https:\/\/autostil.ba\/maloprodaja\/wp-json\/wp\/v2\/media?parent=117592"}],"wp:term":[{"taxonomy":"product_brand","embeddable":true,"href":"https:\/\/autostil.ba\/maloprodaja\/wp-json\/wp\/v2\/product_brand?post=117592"},{"taxonomy":"product_cat","embeddable":true,"href":"https:\/\/autostil.ba\/maloprodaja\/wp-json\/wp\/v2\/product_cat?post=117592"},{"taxonomy":"product_tag","embeddable":true,"href":"https:\/\/autostil.ba\/maloprodaja\/wp-json\/wp\/v2\/product_tag?post=117592"}],"curies":[{"name":"wp","href":"https:\/\/api.w.org\/{rel}","templated":true}]}}