{"id":117582,"date":"2025-12-17T09:44:49","date_gmt":"2025-12-17T07:44:49","guid":{"rendered":"https:\/\/autostil.ba\/maloprodaja\/?post_type=product&#038;p=117582"},"modified":"2026-04-08T11:45:12","modified_gmt":"2026-04-08T09:45:12","slug":"sredstvo-za-uklanjanje-metalnih-cestica-sa-laka-500ml","status":"publish","type":"product","link":"https:\/\/autostil.ba\/maloprodaja\/proizvod\/12614\/sredstvo-za-uklanjanje-metalnih-cestica-sa-laka-500ml\/","title":{"rendered":"SREDSTVO ZA UKLANJANJE METALNIH \u010cESTICA SA LAKA 500ml"},"content":{"rendered":"","protected":false},"excerpt":{"rendered":"<p>Proizvod namijenjen uklanjanju zaga\u0111iva\u010da \u017eeljeza sa boja i staklenih povr\u0161ina. Zahvaljuju\u0107i svojim specijalnim sredstvima za vla\u017eenje, Iron Remover efikasno zasi\u0107uje povr\u0161inu i mo\u017ee ostati na boji 15 minuta ili vi\u0161e bez da se isu\u0161i.<\/p>\n<p>Upotreba:<br \/>\ndobro protresti bocu prije upotrebe;<br \/>\nIron Remover treba nanijeti na \u010distu povr\u0161inu;<br \/>\nako se nanese na prljavu boju, proizvod mo\u017eda ne\u0107e raditi po \u017eelji;<br \/>\nnanijeti tanak ravnomjeran sloj na povr\u0161inu koju treba dekontaminirati;<br \/>\nu zavisnosti od stepena kontaminacije,<br \/>\nostaviti na laku do 15 minuta ;<br \/>\nponovite ove korake ako je potrebno.<\/p>\n<p>Preporuke:<\/p>\n<p>prije prve upotrebe, testirajte proizvod na manje vidljivom mjestu ;<br \/>\nza\u0161titite ko\u017eu tokom nano\u0161enja;<br \/>\nproizvod mo\u017ee biti iritantan za ko\u017eu;<br \/>\nkoristiti za\u0161titne rukavice\/odje\u0107u\/za\u0161titu za o\u010di\/za\u0161titu za lice;<br \/>\nnakon upotrebe temeljito operite ruke;<br \/>\nne izlagati smrzavanju ili pregrijavanju;<br \/>\nne ostavljati da se osu\u0161i;<br \/>\nprije nano\u0161enja uvjerite se da je povr\u0161ina koju \u0107ete \u010distiti hladna, ne nanositi na direktnom suncu i kada je izlo\u017een vjetru;<br \/>\n\u010duvati izvan dohvata djece; \u010duvati na suvom i hladnom mestu na 5-25\u00b0C; ne koristiti na neobojenoj plastici;<br \/>\nza profesionalnu upotrebu.<\/p>\n","protected":false},"featured_media":117583,"comment_status":"open","ping_status":"closed","template":"","meta":{"_acf_changed":false,"inline_featured_image":false},"product_brand":[],"product_cat":[164],"product_tag":[],"class_list":{"0":"post-117582","1":"product","2":"type-product","3":"status-publish","4":"has-post-thumbnail","6":"product_cat-car-detailing","8":"first","9":"instock","10":"taxable","11":"shipping-taxable","12":"purchasable","13":"product-type-simple"},"acf":[],"custom_product_id":"12614","_links":{"self":[{"href":"https:\/\/autostil.ba\/maloprodaja\/wp-json\/wp\/v2\/product\/117582","targetHints":{"allow":["GET"]}}],"collection":[{"href":"https:\/\/autostil.ba\/maloprodaja\/wp-json\/wp\/v2\/product"}],"about":[{"href":"https:\/\/autostil.ba\/maloprodaja\/wp-json\/wp\/v2\/types\/product"}],"replies":[{"embeddable":true,"href":"https:\/\/autostil.ba\/maloprodaja\/wp-json\/wp\/v2\/comments?post=117582"}],"version-history":[{"count":2,"href":"https:\/\/autostil.ba\/maloprodaja\/wp-json\/wp\/v2\/product\/117582\/revisions"}],"predecessor-version":[{"id":793055970,"href":"https:\/\/autostil.ba\/maloprodaja\/wp-json\/wp\/v2\/product\/117582\/revisions\/793055970"}],"wp:featuredmedia":[{"embeddable":true,"href":"https:\/\/autostil.ba\/maloprodaja\/wp-json\/wp\/v2\/media\/117583"}],"wp:attachment":[{"href":"https:\/\/autostil.ba\/maloprodaja\/wp-json\/wp\/v2\/media?parent=117582"}],"wp:term":[{"taxonomy":"product_brand","embeddable":true,"href":"https:\/\/autostil.ba\/maloprodaja\/wp-json\/wp\/v2\/product_brand?post=117582"},{"taxonomy":"product_cat","embeddable":true,"href":"https:\/\/autostil.ba\/maloprodaja\/wp-json\/wp\/v2\/product_cat?post=117582"},{"taxonomy":"product_tag","embeddable":true,"href":"https:\/\/autostil.ba\/maloprodaja\/wp-json\/wp\/v2\/product_tag?post=117582"}],"curies":[{"name":"wp","href":"https:\/\/api.w.org\/{rel}","templated":true}]}}