{"id":117572,"date":"2024-07-18T08:13:48","date_gmt":"2024-07-18T08:13:48","guid":{"rendered":"https:\/\/autostil.ba\/maloprodaja\/?post_type=product&#038;p=117572"},"modified":"2026-04-08T11:45:12","modified_gmt":"2026-04-08T09:45:12","slug":"tecnost-za-odmascivanje-laka-500ml","status":"publish","type":"product","link":"https:\/\/autostil.ba\/maloprodaja\/proizvod\/12616\/tecnost-za-odmascivanje-laka-500ml\/","title":{"rendered":"TE\u010cNOST ZA ODMA\u0160\u0106IVANJE LAKA 500ml"},"content":{"rendered":"","protected":false},"excerpt":{"rendered":"<p>Posve\u0107en je \u010di\u0161\u0107enju farbanih povr\u0161ina. Preporu\u010duje se za upotrebu prije Caramic Wax-a za odma\u0161\u0107ivanje farbe automobila.<br \/>\nUklanja ostatke pasta za poliranje i voskova, kao i ostatke ljepila i druge zaga\u0111iva\u010de. Brzo isparava i ne ostavlja tragove.<\/p>\n<p>Na\u010din upotrebe:<\/p>\n<p>dobro protresti bocu prije upotrebe;<br \/>\npoprskajte malu koli\u010dinu proizvoda na povr\u0161inu od otprilike 15 cm ili raspr\u0161ite u mikrovlakna;<br \/>\ntemeljito obri\u0161ite prskanu povr\u0161inu \u010distom krpom od mikrovlakana;<br \/>\nponovite ove korake ako je potrebno.<\/p>\n<p>Preporuke:<\/p>\n<p>prije prve upotrebe, testirajte proizvod na manje vidljivom mjestu ;<br \/>\nza\u0161titite ko\u017eu tokom nano\u0161enja;<br \/>\nproizvod mo\u017ee biti iritantan za ko\u017eu;<br \/>\nkoristiti za\u0161titne rukavice\/odje\u0107u\/za\u0161titu za o\u010di\/za\u0161titu za lice;<br \/>\n\u010duvati na hladnom i suvom mestu na 5 \u2013 25 \u00b0C;<br \/>\nne izlagati smrzavanju, pregrijavanju ili UV zra\u010denju;<br \/>\nne ostavljati da se osu\u0161i;<br \/>\npobrinite se da povr\u0161ina koju \u010distite bude hladna, nemojte nanositi na direktnu sun\u010devu svjetlost i kada je izlo\u017een vjetru;<br \/>\n\u010duvati izvan dohvata djece; f zapaljivi proizvod;<br \/>\nproizvod za profesionalnu upotrebu.<\/p>\n","protected":false},"featured_media":117573,"comment_status":"open","ping_status":"closed","template":"","meta":{"_acf_changed":false,"inline_featured_image":false},"product_brand":[],"product_cat":[164],"product_tag":[],"class_list":{"0":"post-117572","1":"product","2":"type-product","3":"status-publish","4":"has-post-thumbnail","6":"product_cat-car-detailing","8":"first","9":"instock","10":"taxable","11":"shipping-taxable","12":"purchasable","13":"product-type-simple"},"acf":[],"custom_product_id":"12616","_links":{"self":[{"href":"https:\/\/autostil.ba\/maloprodaja\/wp-json\/wp\/v2\/product\/117572","targetHints":{"allow":["GET"]}}],"collection":[{"href":"https:\/\/autostil.ba\/maloprodaja\/wp-json\/wp\/v2\/product"}],"about":[{"href":"https:\/\/autostil.ba\/maloprodaja\/wp-json\/wp\/v2\/types\/product"}],"replies":[{"embeddable":true,"href":"https:\/\/autostil.ba\/maloprodaja\/wp-json\/wp\/v2\/comments?post=117572"}],"version-history":[{"count":1,"href":"https:\/\/autostil.ba\/maloprodaja\/wp-json\/wp\/v2\/product\/117572\/revisions"}],"predecessor-version":[{"id":117574,"href":"https:\/\/autostil.ba\/maloprodaja\/wp-json\/wp\/v2\/product\/117572\/revisions\/117574"}],"wp:featuredmedia":[{"embeddable":true,"href":"https:\/\/autostil.ba\/maloprodaja\/wp-json\/wp\/v2\/media\/117573"}],"wp:attachment":[{"href":"https:\/\/autostil.ba\/maloprodaja\/wp-json\/wp\/v2\/media?parent=117572"}],"wp:term":[{"taxonomy":"product_brand","embeddable":true,"href":"https:\/\/autostil.ba\/maloprodaja\/wp-json\/wp\/v2\/product_brand?post=117572"},{"taxonomy":"product_cat","embeddable":true,"href":"https:\/\/autostil.ba\/maloprodaja\/wp-json\/wp\/v2\/product_cat?post=117572"},{"taxonomy":"product_tag","embeddable":true,"href":"https:\/\/autostil.ba\/maloprodaja\/wp-json\/wp\/v2\/product_tag?post=117572"}],"curies":[{"name":"wp","href":"https:\/\/api.w.org\/{rel}","templated":true}]}}