{"id":117562,"date":"2025-12-17T09:59:48","date_gmt":"2025-12-17T07:59:48","guid":{"rendered":"https:\/\/autostil.ba\/maloprodaja\/?post_type=product&#038;p=117562"},"modified":"2026-04-08T11:45:07","modified_gmt":"2026-04-08T09:45:07","slug":"tecnost-za-neutralisanje-kise-sa-vjetrobrana-200ml","status":"publish","type":"product","link":"https:\/\/autostil.ba\/maloprodaja\/proizvod\/12432\/tecnost-za-neutralisanje-kise-sa-vjetrobrana-200ml\/","title":{"rendered":"TE\u010cNOST ZA NEUTRALISANJE KI\u0160E SA VJETROBRANA 200ml"},"content":{"rendered":"","protected":false},"excerpt":{"rendered":"<p>RRCustoms BadBoys Ez Wiper<\/p>\n<p>Jednokomponentni nevidljivi brisa\u010d na bazi keramike. Odlikuje se lako\u0107om nano\u0161enja i odli\u010dnim, dugotrajnim hidrofobnim efektom. Proizvod je otporan na hemijske agense.<br \/>\nUpotreba:<br \/>\nTemeljno o\u010distite vjetrobransko staklo BadBoys sredstvom za \u010di\u0161\u0107enje stakla; nanesite Easy Wiper na staklo pomo\u0107u aplikatora; ravnomjerno raspr\u0161ite proizvod po povr\u0161ini; ovisno o temperaturi, ostaviti nekoliko \/ nekoliko minuta; zatim ga obri\u0161ite mikrovlaknom dok ne dobijete glatku, prozirnu povr\u0161inu; ako \u017eelite u\u010dinak do 6 mjeseci, o\u010distite staklo BadBoys Glass Cleaner-om, uklonite naslage kamenca sa stakla i na kraju operite staklo alkoholom ili sredstvom za \u010di\u0161\u0107enje pred voskom.<br \/>\nPreporuke:<br \/>\nOdr\u017eavanje aplikacije Easy Wiper zavisi od intenziteta upotrebe automobila, brisa\u010da i stepena kamenca na staklu. \u010cuvati na suvom i hladnom mestu na 5-25\u00b0C. Ne izla\u017eite proizvod zamrzavanju ili pregrijavanju. Ne ostavljati da se osu\u0161i na povr\u0161ini. \u010cuvati izvan dohvata djece.<\/p>\n","protected":false},"featured_media":117563,"comment_status":"open","ping_status":"closed","template":"","meta":{"_acf_changed":false,"inline_featured_image":false},"product_brand":[],"product_cat":[164],"product_tag":[],"class_list":{"0":"post-117562","1":"product","2":"type-product","3":"status-publish","4":"has-post-thumbnail","6":"product_cat-car-detailing","8":"first","9":"instock","10":"taxable","11":"shipping-taxable","12":"purchasable","13":"product-type-simple"},"acf":[],"custom_product_id":"12432","_links":{"self":[{"href":"https:\/\/autostil.ba\/maloprodaja\/wp-json\/wp\/v2\/product\/117562","targetHints":{"allow":["GET"]}}],"collection":[{"href":"https:\/\/autostil.ba\/maloprodaja\/wp-json\/wp\/v2\/product"}],"about":[{"href":"https:\/\/autostil.ba\/maloprodaja\/wp-json\/wp\/v2\/types\/product"}],"replies":[{"embeddable":true,"href":"https:\/\/autostil.ba\/maloprodaja\/wp-json\/wp\/v2\/comments?post=117562"}],"version-history":[{"count":1,"href":"https:\/\/autostil.ba\/maloprodaja\/wp-json\/wp\/v2\/product\/117562\/revisions"}],"predecessor-version":[{"id":117564,"href":"https:\/\/autostil.ba\/maloprodaja\/wp-json\/wp\/v2\/product\/117562\/revisions\/117564"}],"wp:featuredmedia":[{"embeddable":true,"href":"https:\/\/autostil.ba\/maloprodaja\/wp-json\/wp\/v2\/media\/117563"}],"wp:attachment":[{"href":"https:\/\/autostil.ba\/maloprodaja\/wp-json\/wp\/v2\/media?parent=117562"}],"wp:term":[{"taxonomy":"product_brand","embeddable":true,"href":"https:\/\/autostil.ba\/maloprodaja\/wp-json\/wp\/v2\/product_brand?post=117562"},{"taxonomy":"product_cat","embeddable":true,"href":"https:\/\/autostil.ba\/maloprodaja\/wp-json\/wp\/v2\/product_cat?post=117562"},{"taxonomy":"product_tag","embeddable":true,"href":"https:\/\/autostil.ba\/maloprodaja\/wp-json\/wp\/v2\/product_tag?post=117562"}],"curies":[{"name":"wp","href":"https:\/\/api.w.org\/{rel}","templated":true}]}}