{"id":117542,"date":"2024-07-18T08:13:47","date_gmt":"2024-07-18T06:13:47","guid":{"rendered":"https:\/\/autostil.ba\/maloprodaja\/?post_type=product&#038;p=117542"},"modified":"2026-04-08T11:45:07","modified_gmt":"2026-04-08T09:45:07","slug":"polir-pasta-za-staklo-350g","status":"publish","type":"product","link":"https:\/\/autostil.ba\/maloprodaja\/proizvod\/12453\/polir-pasta-za-staklo-350g\/","title":{"rendered":"POLIR PASTA ZA STAKLO 350g"},"content":{"rendered":"","protected":false},"excerpt":{"rendered":"<p>Glass Polishing Paste je profesionalna pasta za poliranje i \u010di\u0161\u0107enje auto stakala i stakla. U\u010dinkovito uklanja ogrebotine, mrlje od tvrde vode ili putne prljav\u0161tine i vra\u0107a sjaj.<br \/>\nUpotreba:<br \/>\n\u2022 Temeljno o\u010distite povr\u0161inu koju treba polirati nanesite na filc ili pjenastu podlogu i ravnomjerno rasporedite<br \/>\n\u2022 Polirajte povr\u0161inu pomo\u0107u rotacione ili DA ma\u0161ine za poliranje<br \/>\n\u2022 Izbjegavajte poliranje na jednom mjestu kako biste smanjili toplinu i ne o\u0161tetili staklo<br \/>\n\u2022 Nakon zavr\u0161etka procesa poliranja, ostatke paste isperite vodom ili uklonite Bad Boys sredstvom za \u010di\u0161\u0107enje stakla<br \/>\nPreporuke:<\/p>\n<p>\u2022 O\u010distite staklo sa \u201eGlass Cleaner\u201d prije poliranja<br \/>\n\u2022 Za poliranje koristite filc (rajon) ili jastu\u010di\u0107e od pjene<br \/>\n\u2022 \u010cuvati na hladnom i suvom mestu na temperaturi od 5 \u2013 25 \u00b0C<br \/>\n\u2022 Prije nano\u0161enja, uvjerite se da je povr\u0161ina koju \u010distite hladna i da je ne koristite na direktnoj sun\u010devoj svjetlosti<br \/>\n\u2022 Ne dozvolite da se ovaj proizvod zamrzne i ne izla\u017eite previ\u0161e UV zra\u010denju niti dozvolite da se pregrije<br \/>\n\u2022 Ne dozvoliti da se osu\u0161i na povr\u0161ini<br \/>\n\u2022 \u010cuvati izvan dohvata djece<br \/>\n\u2022 Ovaj proizvod je za profesionalnu upotrebu<\/p>\n","protected":false},"featured_media":117543,"comment_status":"open","ping_status":"closed","template":"","meta":{"_acf_changed":false,"inline_featured_image":false},"product_brand":[],"product_cat":[164],"product_tag":[],"class_list":{"0":"post-117542","1":"product","2":"type-product","3":"status-publish","4":"has-post-thumbnail","6":"product_cat-car-detailing","8":"first","9":"instock","10":"taxable","11":"shipping-taxable","12":"purchasable","13":"product-type-simple"},"acf":[],"custom_product_id":"12453","_links":{"self":[{"href":"https:\/\/autostil.ba\/maloprodaja\/wp-json\/wp\/v2\/product\/117542","targetHints":{"allow":["GET"]}}],"collection":[{"href":"https:\/\/autostil.ba\/maloprodaja\/wp-json\/wp\/v2\/product"}],"about":[{"href":"https:\/\/autostil.ba\/maloprodaja\/wp-json\/wp\/v2\/types\/product"}],"replies":[{"embeddable":true,"href":"https:\/\/autostil.ba\/maloprodaja\/wp-json\/wp\/v2\/comments?post=117542"}],"version-history":[{"count":1,"href":"https:\/\/autostil.ba\/maloprodaja\/wp-json\/wp\/v2\/product\/117542\/revisions"}],"predecessor-version":[{"id":117544,"href":"https:\/\/autostil.ba\/maloprodaja\/wp-json\/wp\/v2\/product\/117542\/revisions\/117544"}],"wp:featuredmedia":[{"embeddable":true,"href":"https:\/\/autostil.ba\/maloprodaja\/wp-json\/wp\/v2\/media\/117543"}],"wp:attachment":[{"href":"https:\/\/autostil.ba\/maloprodaja\/wp-json\/wp\/v2\/media?parent=117542"}],"wp:term":[{"taxonomy":"product_brand","embeddable":true,"href":"https:\/\/autostil.ba\/maloprodaja\/wp-json\/wp\/v2\/product_brand?post=117542"},{"taxonomy":"product_cat","embeddable":true,"href":"https:\/\/autostil.ba\/maloprodaja\/wp-json\/wp\/v2\/product_cat?post=117542"},{"taxonomy":"product_tag","embeddable":true,"href":"https:\/\/autostil.ba\/maloprodaja\/wp-json\/wp\/v2\/product_tag?post=117542"}],"curies":[{"name":"wp","href":"https:\/\/api.w.org\/{rel}","templated":true}]}}